{"id":3638,"date":"2024-04-22T17:20:19","date_gmt":"2024-04-22T20:20:19","guid":{"rendered":"https:\/\/www.unisantos.br\/anecbaixadasantista\/?page_id=3638"},"modified":"2024-04-22T17:20:19","modified_gmt":"2024-04-22T20:20:19","slug":"centenario-do-colegio-sao-jose-homenagem-na-camara-de-santos","status":"publish","type":"page","link":"https:\/\/www.unisantos.br\/anecbaixadasantista\/centenario-do-colegio-sao-jose-homenagem-na-camara-de-santos\/","title":{"rendered":"Centen\u00e1rio do Col\u00e9gio S\u00e3o Jos\u00e9: Homenagem na C\u00e2mara de Santos"},"content":{"rendered":"<div id=\"foogallery-gallery-3626\" class=\"foogallery-container foogallery-default foogallery-link-custom foogallery-lightbox-dfactory spacing-width-10  hover-effect-none border-style-square-white alignment-left hover-caption-simple foogallery-default-loading\">\r\n\t<a  href=\"http:\/\/www.unisantos.br\/anecbaixadasantista\/wp-content\/uploads\/sites\/13\/2024\/04\/WhatsApp-Image-2024-04-12-at-16.20.00-3.jpeg\" data-attachment-id=\"3632\" data-rel=\"lightbox\" class=\"\"><img loading=\"lazy\" decoding=\"async\"  src=\"http:\/\/www.unisantos.br\/anecbaixadasantista\/wp-content\/uploads\/sites\/13\/cache\/2024\/04\/WhatsApp-Image-2024-04-12-at-16_20_00-3\/1499957890.jpeg\" width=\"50\" height=\"50\" \/><\/a><a  href=\"http:\/\/www.unisantos.br\/anecbaixadasantista\/wp-content\/uploads\/sites\/13\/2024\/04\/WhatsApp-Image-2024-04-12-at-16.20.00-2.jpeg\" data-attachment-id=\"3633\" data-rel=\"lightbox\" class=\"\"><img loading=\"lazy\" decoding=\"async\"  src=\"http:\/\/www.unisantos.br\/anecbaixadasantista\/wp-content\/uploads\/sites\/13\/cache\/2024\/04\/WhatsApp-Image-2024-04-12-at-16_20_00-2\/1281246567.jpeg\" width=\"50\" height=\"50\" \/><\/a><a  href=\"http:\/\/www.unisantos.br\/anecbaixadasantista\/wp-content\/uploads\/sites\/13\/2024\/04\/WhatsApp-Image-2024-04-12-at-16.20.00-1.jpeg\" data-attachment-id=\"3634\" data-rel=\"lightbox\" class=\"\"><img loading=\"lazy\" decoding=\"async\"  src=\"http:\/\/www.unisantos.br\/anecbaixadasantista\/wp-content\/uploads\/sites\/13\/cache\/2024\/04\/WhatsApp-Image-2024-04-12-at-16_20_00-1\/2048883664.jpeg\" width=\"50\" height=\"50\" \/><\/a><a  href=\"http:\/\/www.unisantos.br\/anecbaixadasantista\/wp-content\/uploads\/sites\/13\/2024\/04\/WhatsApp-Image-2024-04-12-at-16.20.00.jpeg\" data-attachment-id=\"3635\" data-rel=\"lightbox\" class=\"\"><img loading=\"lazy\" decoding=\"async\"  src=\"http:\/\/www.unisantos.br\/anecbaixadasantista\/wp-content\/uploads\/sites\/13\/cache\/2024\/04\/WhatsApp-Image-2024-04-12-at-16_20_00\/3201071567.jpeg\" width=\"50\" height=\"50\" \/><\/a><a  href=\"http:\/\/www.unisantos.br\/anecbaixadasantista\/wp-content\/uploads\/sites\/13\/2024\/04\/WhatsApp-Image-2024-04-12-at-16.19.58.jpeg\" data-attachment-id=\"3636\" data-rel=\"lightbox\" class=\"\"><img loading=\"lazy\" decoding=\"async\"  src=\"http:\/\/www.unisantos.br\/anecbaixadasantista\/wp-content\/uploads\/sites\/13\/cache\/2024\/04\/WhatsApp-Image-2024-04-12-at-16_19_58\/2871954056.jpeg\" width=\"50\" height=\"50\" \/><\/a><\/div>\r\n\n","protected":false},"excerpt":{"rendered":"","protected":false},"author":1,"featured_media":0,"parent":0,"menu_order":0,"comment_status":"closed","ping_status":"closed","template":"","meta":{"footnotes":""},"_links":{"self":[{"href":"https:\/\/www.unisantos.br\/anecbaixadasantista\/wp-json\/wp\/v2\/pages\/3638"}],"collection":[{"href":"https:\/\/www.unisantos.br\/anecbaixadasantista\/wp-json\/wp\/v2\/pages"}],"about":[{"href":"https:\/\/www.unisantos.br\/anecbaixadasantista\/wp-json\/wp\/v2\/types\/page"}],"author":[{"embeddable":true,"href":"https:\/\/www.unisantos.br\/anecbaixadasantista\/wp-json\/wp\/v2\/users\/1"}],"replies":[{"embeddable":true,"href":"https:\/\/www.unisantos.br\/anecbaixadasantista\/wp-json\/wp\/v2\/comments?post=3638"}],"version-history":[{"count":1,"href":"https:\/\/www.unisantos.br\/anecbaixadasantista\/wp-json\/wp\/v2\/pages\/3638\/revisions"}],"predecessor-version":[{"id":3678,"href":"https:\/\/www.unisantos.br\/anecbaixadasantista\/wp-json\/wp\/v2\/pages\/3638\/revisions\/3678"}],"wp:attachment":[{"href":"https:\/\/www.unisantos.br\/anecbaixadasantista\/wp-json\/wp\/v2\/media?parent=3638"}],"curies":[{"name":"wp","href":"https:\/\/api.w.org\/{rel}","templated":true}]}}