{"id":33,"date":"2019-04-04T10:54:44","date_gmt":"2019-04-04T13:54:44","guid":{"rendered":"https:\/\/www.unisantos.br\/anecbaixadasantista\/?page_id=33"},"modified":"2026-02-27T10:29:15","modified_gmt":"2026-02-27T13:29:15","slug":"sobre","status":"publish","type":"page","link":"https:\/\/www.unisantos.br\/anecbaixadasantista\/sobre\/","title":{"rendered":"ANEC"},"content":{"rendered":"<p>A Associa\u00e7\u00e3o Nacional de Educa\u00e7\u00e3o Cat\u00f3lica do Brasil (ANEC) \u00e9 uma associa\u00e7\u00e3o de direito privado constitu\u00edda por pessoas jur\u00eddicas ligadas \u00e0 Educa\u00e7\u00e3o Cat\u00f3lica no Brasil e reunidas em comunh\u00e3o de princ\u00edpios com a Confer\u00eancia Nacional dos Bispos do Brasil (CNBB) e com a Confer\u00eancia dos Religiosos do Brasil (CRB).<\/p>\n<p>A ANEC tem como pressupostos ser o \u00f3rg\u00e3o de representa\u00e7\u00e3o da Educa\u00e7\u00e3o Cat\u00f3lica no Brasil, frente \u00e0s esferas governamentais, aut\u00e1rquicas e particulares; estabelecer representatividade coesa nos organismos da sociedade civil, conselhos, f\u00f3runs, e outros nos quais a Educa\u00e7\u00e3o Cat\u00f3lica \u00e9 chamada a integrar, compor e interagir; ser um espa\u00e7o de representa\u00e7\u00e3o e defesa dos interesses da Educa\u00e7\u00e3o Cat\u00f3lica no Brasil; e ser um espa\u00e7o democr\u00e1tico e participativo para a promo\u00e7\u00e3o e defesa dos pontos de vista, da causa e dos interesses de uma educa\u00e7\u00e3o adequada para todos os brasileiros, estejam eles em escolas cat\u00f3licas ou n\u00e3o.<\/p>\n<p>Acesse o <a href=\"http:\/\/anec.org.br\/wp-content\/uploads\/2014\/08\/estatuto_anec_v1.pdf\" target=\"_blank\" rel=\"noopener\">Estatuto Social<\/a> da ANEC<\/p>\n<p><b>ANEC Regional<\/b><\/p>\n<p>A ANEC Baixada Santista surgiu da necessidade de se promover uma comunh\u00e3o de esfor\u00e7os em prol da Educa\u00e7\u00e3o Cat\u00f3lica na regi\u00e3o. Criada em 2016, ela conta com sete institui\u00e7\u00f5es educacionais comprometidas com esse objetivo nas cidades de Santos, S\u00e3o Vicente, Praia Grande e Peru\u00edbe. Tamb\u00e9m em comum, elas t\u00eam a preocupa\u00e7\u00e3o com os desafios da regi\u00e3o e com a forma\u00e7\u00e3o integral da pessoa.<\/p>\n<p><b>Institui\u00e7\u00f5es Associadas<\/b><\/p>\n<p><a href=\"http:\/\/www.liceusantista.com.br\/\" target=\"_blank\" rel=\"noopener\">Liceu Santista (Santos)<\/a><\/p>\n<div class=\"left\">\n<p><a href=\"http:\/\/www.santaluciafilippini.com.br\/\" target=\"_blank\" rel=\"noopener\">Col\u00e9gio Nossa Senhora da Divina Provid\u00eancia (Peru\u00edbe)<\/a><\/p>\n<p><a href=\"http:\/\/santamaria.passionista.com.br\/\" target=\"_blank\" rel=\"noopener\">Col\u00e9gio Passionista Santa Maria (Praia Grande)<\/a><\/p>\n<p><a href=\"http:\/\/portal.sipeb.com.br\/saojose\/\" target=\"_blank\" rel=\"noopener\">Col\u00e9gio S\u00e3o Jos\u00e9 (Santos)<\/a><\/p>\n<p><a href=\"http:\/\/www.redealix.org.br\/stellamaris\/\" target=\"_blank\" rel=\"noopener\">Col\u00e9gio Stella Maris (Santos)<\/a><\/p>\n<p><a href=\"https:\/\/maristaescolassociais.org.br\/escola\/marista-escola-social-lar-feliz\/\" target=\"_blank\" rel=\"noopener\">Marista Social Lar Feliz<\/a><\/p>\n<p><a href=\"https:\/\/www.facebook.com\/diocesedesantos\/\" target=\"_blank\" rel=\"noopener\">Pastoral da Educa\u00e7\u00e3o da Diocese de Santos<\/a><\/p>\n<p><a href=\"https:\/\/www.unisantos.br\/\" target=\"_blank\" rel=\"noopener\">Universidade Cat\u00f3lica de Santos<\/a><\/p>\n<\/div>\n","protected":false},"excerpt":{"rendered":"<p>A Associa\u00e7\u00e3o Nacional de Educa\u00e7\u00e3o Cat\u00f3lica do Brasil (ANEC) \u00e9 uma associa\u00e7\u00e3o de direito privado constitu\u00edda por pessoas jur\u00eddicas ligadas [&hellip;]<\/p>\n","protected":false},"author":1,"featured_media":0,"parent":0,"menu_order":0,"comment_status":"closed","ping_status":"closed","template":"","meta":{"footnotes":""},"_links":{"self":[{"href":"https:\/\/www.unisantos.br\/anecbaixadasantista\/wp-json\/wp\/v2\/pages\/33"}],"collection":[{"href":"https:\/\/www.unisantos.br\/anecbaixadasantista\/wp-json\/wp\/v2\/pages"}],"about":[{"href":"https:\/\/www.unisantos.br\/anecbaixadasantista\/wp-json\/wp\/v2\/types\/page"}],"author":[{"embeddable":true,"href":"https:\/\/www.unisantos.br\/anecbaixadasantista\/wp-json\/wp\/v2\/users\/1"}],"replies":[{"embeddable":true,"href":"https:\/\/www.unisantos.br\/anecbaixadasantista\/wp-json\/wp\/v2\/comments?post=33"}],"version-history":[{"count":5,"href":"https:\/\/www.unisantos.br\/anecbaixadasantista\/wp-json\/wp\/v2\/pages\/33\/revisions"}],"predecessor-version":[{"id":4129,"href":"https:\/\/www.unisantos.br\/anecbaixadasantista\/wp-json\/wp\/v2\/pages\/33\/revisions\/4129"}],"wp:attachment":[{"href":"https:\/\/www.unisantos.br\/anecbaixadasantista\/wp-json\/wp\/v2\/media?parent=33"}],"curies":[{"name":"wp","href":"https:\/\/api.w.org\/{rel}","templated":true}]}}