{"id":3048,"date":"2021-09-10T11:26:51","date_gmt":"2021-09-10T14:26:51","guid":{"rendered":"https:\/\/www.unisantos.br\/anecbaixadasantista\/?page_id=3048"},"modified":"2021-09-10T11:29:44","modified_gmt":"2021-09-10T14:29:44","slug":"programa-de-educacao-cientifica-para-ensino-medio","status":"publish","type":"page","link":"https:\/\/www.unisantos.br\/anecbaixadasantista\/programa-de-educacao-cientifica-para-ensino-medio\/","title":{"rendered":"Programa de Educa\u00e7\u00e3o Cient\u00edfica para Ensino M\u00e9dio"},"content":{"rendered":"<p>A educa\u00e7\u00e3o cient\u00edfica \u00e9 um passo s\u00f3lido na forma\u00e7\u00e3o de um indiv\u00edduo, um passo que deve ser compartilhado por pais e familiares que, orgulhosamente, d\u00e3o suporte ao jovem em sua trajet\u00f3ria. Na Universidade Cat\u00f3lica de Santos h\u00e1 espa\u00e7o para que o estudante do Ensino M\u00e9dio, das escolas conveniadas, inicie neste universo ao lado de docentes-pesquisadores empenhados em contribuir para essa forma\u00e7\u00e3o diferenciada.<\/p>\n<p><a href=\"https:\/\/www.unisantos.br\/educacaocientifica\/ensino-medio\/\"><strong><em>Saiba mais<\/em><\/strong><\/a><\/p>\n","protected":false},"excerpt":{"rendered":"<p>A educa\u00e7\u00e3o cient\u00edfica \u00e9 um passo s\u00f3lido na forma\u00e7\u00e3o de um indiv\u00edduo, um passo que deve ser compartilhado por pais [&hellip;]<\/p>\n","protected":false},"author":1,"featured_media":0,"parent":0,"menu_order":0,"comment_status":"closed","ping_status":"closed","template":"","meta":{"footnotes":""},"_links":{"self":[{"href":"https:\/\/www.unisantos.br\/anecbaixadasantista\/wp-json\/wp\/v2\/pages\/3048"}],"collection":[{"href":"https:\/\/www.unisantos.br\/anecbaixadasantista\/wp-json\/wp\/v2\/pages"}],"about":[{"href":"https:\/\/www.unisantos.br\/anecbaixadasantista\/wp-json\/wp\/v2\/types\/page"}],"author":[{"embeddable":true,"href":"https:\/\/www.unisantos.br\/anecbaixadasantista\/wp-json\/wp\/v2\/users\/1"}],"replies":[{"embeddable":true,"href":"https:\/\/www.unisantos.br\/anecbaixadasantista\/wp-json\/wp\/v2\/comments?post=3048"}],"version-history":[{"count":2,"href":"https:\/\/www.unisantos.br\/anecbaixadasantista\/wp-json\/wp\/v2\/pages\/3048\/revisions"}],"predecessor-version":[{"id":3051,"href":"https:\/\/www.unisantos.br\/anecbaixadasantista\/wp-json\/wp\/v2\/pages\/3048\/revisions\/3051"}],"wp:attachment":[{"href":"https:\/\/www.unisantos.br\/anecbaixadasantista\/wp-json\/wp\/v2\/media?parent=3048"}],"curies":[{"name":"wp","href":"https:\/\/api.w.org\/{rel}","templated":true}]}}