{"id":2809,"date":"2020-05-04T12:44:16","date_gmt":"2020-05-04T15:44:16","guid":{"rendered":"https:\/\/www.unisantos.br\/anecbaixadasantista\/?page_id=2809"},"modified":"2021-06-02T12:31:04","modified_gmt":"2021-06-02T15:31:04","slug":"programa-praticas-inclusivas-na-educacao","status":"publish","type":"page","link":"https:\/\/www.unisantos.br\/anecbaixadasantista\/programa-praticas-inclusivas-na-educacao\/","title":{"rendered":"Programa Pr\u00e1ticas Inclusivas na Educa\u00e7\u00e3o"},"content":{"rendered":"<p>Aborda a an\u00e1lise de especialistas em Psicologia, Educa\u00e7\u00e3o e Sa\u00fade sobre temas desafiantes do cotidiano organizativo e relacional do processo ensino-aprendizagem contempor\u00e2neo. Inclui pr\u00e1ticas inovadoras, alinhadas \u00e0 perspectiva interdisciplinar, de respeito \u00e0 diversidade e garantia dos direitos de cidadania, e foca prioritariamente na inclus\u00e3o:<br \/>\n&#8211; os diferentes tipos de inclus\u00e3o;<br \/>\n&#8211; recursos, novas tecnologias e inclus\u00e3o;<br \/>\n&#8211; desenvolvimento e aspectos emocionais da crian\u00e7a de inclus\u00e3o;<br \/>\n&#8211; socializa\u00e7\u00e3o e intera\u00e7\u00e3o com o grupo;<br \/>\n&#8211; pais, fam\u00edlia e alunos de inclus\u00e3o;<br \/>\n&#8211; forma\u00e7\u00e3o do professor para o processo inclusivo;<br \/>\n&#8211; avalia\u00e7\u00e3o de alunos de inclus\u00e3o;<br \/>\n&#8211; cuidados di\u00e1rios na inclus\u00e3o;<br \/>\n&#8211; equil\u00edbrio emocional do professor;<br \/>\n&#8211; \u00e9tica e valores; e<br \/>\n&#8211; comunica\u00e7\u00e3o e coopera\u00e7\u00e3o dos funcion\u00e1rios no processo inclusivo.<\/p>\n<p><strong> Coordena\u00e7\u00e3o<\/strong><br \/>\nProf\u00aa, Me. Fl\u00e1via Henriques<\/p>\n","protected":false},"excerpt":{"rendered":"<p>Aborda a an\u00e1lise de especialistas em Psicologia, Educa\u00e7\u00e3o e Sa\u00fade sobre temas desafiantes do cotidiano organizativo e relacional do processo [&hellip;]<\/p>\n","protected":false},"author":1,"featured_media":0,"parent":0,"menu_order":0,"comment_status":"closed","ping_status":"closed","template":"programa-praticas-inclusivas-na-educacao.php","meta":{"footnotes":""},"_links":{"self":[{"href":"https:\/\/www.unisantos.br\/anecbaixadasantista\/wp-json\/wp\/v2\/pages\/2809"}],"collection":[{"href":"https:\/\/www.unisantos.br\/anecbaixadasantista\/wp-json\/wp\/v2\/pages"}],"about":[{"href":"https:\/\/www.unisantos.br\/anecbaixadasantista\/wp-json\/wp\/v2\/types\/page"}],"author":[{"embeddable":true,"href":"https:\/\/www.unisantos.br\/anecbaixadasantista\/wp-json\/wp\/v2\/users\/1"}],"replies":[{"embeddable":true,"href":"https:\/\/www.unisantos.br\/anecbaixadasantista\/wp-json\/wp\/v2\/comments?post=2809"}],"version-history":[{"count":3,"href":"https:\/\/www.unisantos.br\/anecbaixadasantista\/wp-json\/wp\/v2\/pages\/2809\/revisions"}],"predecessor-version":[{"id":2986,"href":"https:\/\/www.unisantos.br\/anecbaixadasantista\/wp-json\/wp\/v2\/pages\/2809\/revisions\/2986"}],"wp:attachment":[{"href":"https:\/\/www.unisantos.br\/anecbaixadasantista\/wp-json\/wp\/v2\/media?parent=2809"}],"curies":[{"name":"wp","href":"https:\/\/api.w.org\/{rel}","templated":true}]}}