{"id":2629,"date":"2020-03-09T18:23:47","date_gmt":"2020-03-09T21:23:47","guid":{"rendered":"https:\/\/www.unisantos.br\/anecbaixadasantista\/?page_id=2629"},"modified":"2020-03-11T17:26:19","modified_gmt":"2020-03-11T20:26:19","slug":"2629-2","status":"publish","type":"page","link":"https:\/\/www.unisantos.br\/anecbaixadasantista\/2629-2\/","title":{"rendered":"Conte\u00fado do Evento"},"content":{"rendered":"<p><strong>APRESENTA\u00c7\u00d5ES PARA DOWNLOAD<\/strong><\/p>\n<p><a href=\"http:\/\/www.unisantos.br\/anecbaixadasantista\/wp-content\/uploads\/sites\/13\/2020\/03\/vip-SHOW.pdf\" target=\"_blank\" rel=\"noopener\">Associa\u00e7\u00e3o Promocional Irm\u00e3 Maria Dolores<\/a><\/p>\n<p><a href=\"https:\/\/www.unisantos.br\/wp-content\/uploads\/2020\/03\/Apresenta\u00e7\u00e3o-SEE-ERER_final-revisado-logo.pdf\" target=\"_blank\" rel=\"noopener\">Educa\u00e7\u00e3o para as Rela\u00e7\u00f5es \u00c9tnico-Raciais<\/a><\/p>\n<p><a href=\"https:\/\/www.unisantos.br\/wp-content\/uploads\/2020\/03\/ANEC_2020_02_15-1.pdf\" target=\"_blank\" rel=\"noopener\">Fraternidade e Vida: Dom e Compromisso<\/a><\/p>\n<p><a href=\"https:\/\/www.unisantos.br\/wp-content\/uploads\/2020\/03\/secasa.pdf\" target=\"_blank\" rel=\"noopener\">Se\u00e7\u00e3o Casa de Apoio e Solidariedade aos Pacientes de Aids (Secasa)<\/a><\/p>\n<p><a href=\"https:\/\/www.unisantos.br\/wp-content\/uploads\/2020\/03\/Preven\u00e7\u00e3o-suic\u00eddio-amarelo-2.0.pdf\" target=\"_blank\" rel=\"noopener\">Setembro Amarelo: CVV &#8211; Como Vai Voc\u00ea?<\/a><\/p>\n<p>&nbsp;<\/p>\n<p><strong>CONTATOS DA APRESENTA\u00c7\u00d5ES<\/strong><\/p>\n<p><strong>Congrega\u00e7\u00e3o das Irm\u00e3s Mission\u00e1rias da Caridade (idosos)<\/strong><br \/>\nRua Prof. Nelson Sp\u00edndola Lobato, s\/n\u00ba &#8211; Santos<br \/>\nTelefone: 3203-2858<br \/>\nContato: Irm\u00e3 Cirilina<\/p>\n<p><strong>Toca de Assis (moradores de rua)<\/strong><br \/>\nRua Xavier Pinheiro, 238 \u2013 Encruzilhada \u2013 Santos<br \/>\nTelefone: 98859-8469<br \/>\nContato: Irm\u00e3 Teresa<\/p>\n<p><strong>Pastoral da Crian\u00e7a<\/strong><br \/>\nPar\u00f3quia Nossa Senhora Aparecida<br \/>\nAv. Afonso Pena, 614 &#8211; Santos<br \/>\nTelefone: 99188-3073<br \/>\nContato: M\u00e1rcia<\/p>\n<p><strong>Lideran\u00e7a Ind\u00edgena <\/strong><br \/>\nCacique Ubirat\u00e3<br \/>\nTelefone: (11) 99638-0829<\/p>\n<p><strong>C\u00e1tedra S\u00e9rgio Vieira de Melo (refugiados)<\/strong><br \/>\nAvenida Conselheiro N\u00e9bias, 589<br \/>\nProf\u00aa. Dr\u00aa. Liliana Lyra Jubilut<br \/>\nE-mail: liliana.jubilut@unisantos.br<\/p>\n<p><strong>Associa\u00e7\u00e3o Promocional Vila Ponte Nova (inclus\u00e3o social)<\/strong><br \/>\nRua Rio de Janeiro, 319 &#8211; Vila Ponte Nova &#8211; S\u00e3o Vicente<br \/>\nProf\u00aa. Maria Helena de Almeida Lambert<br \/>\nTelefone: 3566-4407<\/p>\n<p><strong>CVV\u00a0<\/strong><br \/>\nR. Campos Melo, 189 &#8211; Vila Matias &#8211; Santos<br \/>\nRenato Caetano<br \/>\nTelefone: 3234-4111<\/p>\n<p><strong>Leitura para Remi\u00e7\u00e3o de Pena (encarcerados)<br \/>\n<\/strong>Defensora P\u00fablica Paula Barbosa Cardoso<br \/>\npcardoso@defensoria.sp.def.br<\/p>\n<p><strong>Secasa (portadores de HIV)<\/strong><br \/>\nR. Vahia de Abreu, 57 &#8211; Boqueir\u00e3o &#8211; Santos<br \/>\nTelefone: 3232-3192<br \/>\nProf\u00aa. Dr\u00aa. Luzana Mackevicius Bernardes<br \/>\nluzana.bernardes@unisantos.br<\/p>\n","protected":false},"excerpt":{"rendered":"<p>APRESENTA\u00c7\u00d5ES PARA DOWNLOAD Associa\u00e7\u00e3o Promocional Irm\u00e3 Maria Dolores Educa\u00e7\u00e3o para as Rela\u00e7\u00f5es \u00c9tnico-Raciais Fraternidade e Vida: Dom e Compromisso Se\u00e7\u00e3o [&hellip;]<\/p>\n","protected":false},"author":1,"featured_media":0,"parent":0,"menu_order":0,"comment_status":"closed","ping_status":"closed","template":"","meta":{"footnotes":""},"_links":{"self":[{"href":"https:\/\/www.unisantos.br\/anecbaixadasantista\/wp-json\/wp\/v2\/pages\/2629"}],"collection":[{"href":"https:\/\/www.unisantos.br\/anecbaixadasantista\/wp-json\/wp\/v2\/pages"}],"about":[{"href":"https:\/\/www.unisantos.br\/anecbaixadasantista\/wp-json\/wp\/v2\/types\/page"}],"author":[{"embeddable":true,"href":"https:\/\/www.unisantos.br\/anecbaixadasantista\/wp-json\/wp\/v2\/users\/1"}],"replies":[{"embeddable":true,"href":"https:\/\/www.unisantos.br\/anecbaixadasantista\/wp-json\/wp\/v2\/comments?post=2629"}],"version-history":[{"count":9,"href":"https:\/\/www.unisantos.br\/anecbaixadasantista\/wp-json\/wp\/v2\/pages\/2629\/revisions"}],"predecessor-version":[{"id":2757,"href":"https:\/\/www.unisantos.br\/anecbaixadasantista\/wp-json\/wp\/v2\/pages\/2629\/revisions\/2757"}],"wp:attachment":[{"href":"https:\/\/www.unisantos.br\/anecbaixadasantista\/wp-json\/wp\/v2\/media?parent=2629"}],"curies":[{"name":"wp","href":"https:\/\/api.w.org\/{rel}","templated":true}]}}