{"id":230,"date":"2019-04-04T15:00:55","date_gmt":"2019-04-04T18:00:55","guid":{"rendered":"https:\/\/www.unisantos.br\/anecbaixadasantista\/?page_id=230"},"modified":"2020-06-22T18:17:46","modified_gmt":"2020-06-22T21:17:46","slug":"anec-jovem","status":"publish","type":"page","link":"https:\/\/www.unisantos.br\/anecbaixadasantista\/anec-jovem\/","title":{"rendered":"ANEC Jovem"},"content":{"rendered":"<p><img loading=\"lazy\" decoding=\"async\" class=\"alignleft wp-image-2483 size-thumbnail\" src=\"http:\/\/www.unisantos.br\/anecbaixadasantista\/wp-content\/uploads\/sites\/13\/2020\/02\/WhatsApp-Image-2020-02-07-at-16.58.52-150x150.jpeg\" alt=\"\" width=\"150\" height=\"150\" srcset=\"https:\/\/www.unisantos.br\/anecbaixadasantista\/wp-content\/uploads\/sites\/13\/2020\/02\/WhatsApp-Image-2020-02-07-at-16.58.52-150x150.jpeg 150w, https:\/\/www.unisantos.br\/anecbaixadasantista\/wp-content\/uploads\/sites\/13\/2020\/02\/WhatsApp-Image-2020-02-07-at-16.58.52-300x300.jpeg 300w, https:\/\/www.unisantos.br\/anecbaixadasantista\/wp-content\/uploads\/sites\/13\/2020\/02\/WhatsApp-Image-2020-02-07-at-16.58.52-768x768.jpeg 768w, https:\/\/www.unisantos.br\/anecbaixadasantista\/wp-content\/uploads\/sites\/13\/2020\/02\/WhatsApp-Image-2020-02-07-at-16.58.52.jpeg 800w\" sizes=\"(max-width: 150px) 100vw, 150px\" \/>A ANEC Jovem \u00e9 um bra\u00e7o da ANEC Baixada Santista para congregar jovens de todas as escolas cat\u00f3licas, com o objetivo de organizar uma agenda comum de atividades para integra\u00e7\u00e3o desses estudantes e para que sejam protagonistas no processo de forma\u00e7\u00e3o crist\u00e3. A ideia de instituir a ANEC Jovem nasceu durante os encontros da ANEC Baixada Santista, em 2017. As reuni\u00f5es acontecem mensalmente para a estrutura\u00e7\u00e3o de a\u00e7\u00f5es de relacionamento e encontros entre esses grupos de jovens, com participa\u00e7\u00e3o de estudantes de Ensino Fundamental e Ensino M\u00e9dio.<\/p>\n","protected":false},"excerpt":{"rendered":"<p>A ANEC Jovem \u00e9 um bra\u00e7o da ANEC Baixada Santista para congregar jovens de todas as escolas cat\u00f3licas, com o [&hellip;]<\/p>\n","protected":false},"author":1,"featured_media":0,"parent":0,"menu_order":0,"comment_status":"closed","ping_status":"closed","template":"anec-jovem.php","meta":{"footnotes":""},"_links":{"self":[{"href":"https:\/\/www.unisantos.br\/anecbaixadasantista\/wp-json\/wp\/v2\/pages\/230"}],"collection":[{"href":"https:\/\/www.unisantos.br\/anecbaixadasantista\/wp-json\/wp\/v2\/pages"}],"about":[{"href":"https:\/\/www.unisantos.br\/anecbaixadasantista\/wp-json\/wp\/v2\/types\/page"}],"author":[{"embeddable":true,"href":"https:\/\/www.unisantos.br\/anecbaixadasantista\/wp-json\/wp\/v2\/users\/1"}],"replies":[{"embeddable":true,"href":"https:\/\/www.unisantos.br\/anecbaixadasantista\/wp-json\/wp\/v2\/comments?post=230"}],"version-history":[{"count":13,"href":"https:\/\/www.unisantos.br\/anecbaixadasantista\/wp-json\/wp\/v2\/pages\/230\/revisions"}],"predecessor-version":[{"id":2842,"href":"https:\/\/www.unisantos.br\/anecbaixadasantista\/wp-json\/wp\/v2\/pages\/230\/revisions\/2842"}],"wp:attachment":[{"href":"https:\/\/www.unisantos.br\/anecbaixadasantista\/wp-json\/wp\/v2\/media?parent=230"}],"curies":[{"name":"wp","href":"https:\/\/api.w.org\/{rel}","templated":true}]}}