{"id":2248,"date":"2019-10-10T16:56:39","date_gmt":"2019-10-10T19:56:39","guid":{"rendered":"https:\/\/www.unisantos.br\/anecbaixadasantista\/?page_id=2248"},"modified":"2019-10-10T17:20:11","modified_gmt":"2019-10-10T20:20:11","slug":"apresentacoes","status":"publish","type":"page","link":"https:\/\/www.unisantos.br\/anecbaixadasantista\/encontro-de-professores-sinodo-pan-amazonico\/apresentacoes\/","title":{"rendered":"Apresenta\u00e7\u00f5es"},"content":{"rendered":"<p><a href=\"https:\/\/www.unisantos.br\/wp-content\/uploads\/2019\/10\/Amaz\u00f4nia-apresenta\u00e7\u00e3o.pdf\"><img loading=\"lazy\" decoding=\"async\" class=\"alignnone wp-image-2252 size-thumbnail\" src=\"http:\/\/www.unisantos.br\/anecbaixadasantista\/wp-content\/uploads\/sites\/13\/2019\/10\/Amaz\u00f4nia-apresenta\u00e7\u00e3o-8-150x150.jpg\" alt=\"\" width=\"150\" height=\"150\" \/><br \/>\n<\/a><a href=\"https:\/\/www.unisantos.br\/wp-content\/uploads\/2019\/10\/Amaz\u00f4nia-apresenta\u00e7\u00e3o.pdf\" target=\"_blank\" rel=\"noopener\"><strong>MUITAS AMAZ\u00d4NIAS<\/strong><\/a><\/p>\n<p><a href=\"https:\/\/www.unisantos.br\/wp-content\/uploads\/2019\/10\/MESA_AMAZONIA_2019_FINAL.pdf\"><img loading=\"lazy\" decoding=\"async\" class=\"alignnone wp-image-2253 size-thumbnail\" src=\"http:\/\/www.unisantos.br\/anecbaixadasantista\/wp-content\/uploads\/sites\/13\/2019\/10\/MESA_AMAZONIA_2019_FINAL-2-150x150.jpg\" alt=\"\" width=\"150\" height=\"150\" \/><br \/>\n<\/a><a href=\"https:\/\/www.unisantos.br\/wp-content\/uploads\/2019\/10\/MESA_AMAZONIA_2019_FINAL.pdf\" target=\"_blank\" rel=\"noopener\"><strong>BIOMA AMAZ\u00d4NICO E SUA RELA\u00c7\u00c3O COM O PLANETA<\/strong><\/a><\/p>\n<p><a href=\"https:\/\/www.unisantos.br\/wp-content\/uploads\/2019\/10\/Sinodo-da-Amazonia2019.pdf\"><img loading=\"lazy\" decoding=\"async\" class=\"alignnone wp-image-2254 size-thumbnail\" src=\"http:\/\/www.unisantos.br\/anecbaixadasantista\/wp-content\/uploads\/sites\/13\/2019\/10\/Sinodo-da-Amazonia2019-5-150x150.jpg\" alt=\"\" width=\"150\" height=\"150\" \/><br \/>\n<strong>S\u00cdNODO PARA A AMAZ\u00d4NIA<\/strong><\/a><\/p>\n","protected":false},"excerpt":{"rendered":"<p>MUITAS AMAZ\u00d4NIAS BIOMA AMAZ\u00d4NICO E SUA RELA\u00c7\u00c3O COM O PLANETA S\u00cdNODO PARA A AMAZ\u00d4NIA<\/p>\n","protected":false},"author":1,"featured_media":0,"parent":2232,"menu_order":0,"comment_status":"closed","ping_status":"closed","template":"","meta":{"footnotes":""},"_links":{"self":[{"href":"https:\/\/www.unisantos.br\/anecbaixadasantista\/wp-json\/wp\/v2\/pages\/2248"}],"collection":[{"href":"https:\/\/www.unisantos.br\/anecbaixadasantista\/wp-json\/wp\/v2\/pages"}],"about":[{"href":"https:\/\/www.unisantos.br\/anecbaixadasantista\/wp-json\/wp\/v2\/types\/page"}],"author":[{"embeddable":true,"href":"https:\/\/www.unisantos.br\/anecbaixadasantista\/wp-json\/wp\/v2\/users\/1"}],"replies":[{"embeddable":true,"href":"https:\/\/www.unisantos.br\/anecbaixadasantista\/wp-json\/wp\/v2\/comments?post=2248"}],"version-history":[{"count":5,"href":"https:\/\/www.unisantos.br\/anecbaixadasantista\/wp-json\/wp\/v2\/pages\/2248\/revisions"}],"predecessor-version":[{"id":2256,"href":"https:\/\/www.unisantos.br\/anecbaixadasantista\/wp-json\/wp\/v2\/pages\/2248\/revisions\/2256"}],"up":[{"embeddable":true,"href":"https:\/\/www.unisantos.br\/anecbaixadasantista\/wp-json\/wp\/v2\/pages\/2232"}],"wp:attachment":[{"href":"https:\/\/www.unisantos.br\/anecbaixadasantista\/wp-json\/wp\/v2\/media?parent=2248"}],"curies":[{"name":"wp","href":"https:\/\/api.w.org\/{rel}","templated":true}]}}