{"id":2170,"date":"2019-07-26T10:48:11","date_gmt":"2019-07-26T13:48:11","guid":{"rendered":"https:\/\/www.unisantos.br\/anecbaixadasantista\/?page_id=2170"},"modified":"2019-07-26T10:48:11","modified_gmt":"2019-07-26T13:48:11","slug":"celebracao-95-anos-colegio-stella-maris","status":"publish","type":"page","link":"https:\/\/www.unisantos.br\/anecbaixadasantista\/pastoral-do-colegio-stella-maris\/celebracao-95-anos-colegio-stella-maris\/","title":{"rendered":"Celebra\u00e7\u00e3o 95 Anos Col\u00e9gio Stella Maris"},"content":{"rendered":"<div id=\"foogallery-gallery-2144\" class=\"foogallery-container foogallery-default foogallery-link-custom foogallery-lightbox-dfactory spacing-width-10  hover-effect-none border-style-square-white alignment-left hover-caption-simple foogallery-default-loading\">\r\n\t<a  href=\"http:\/\/www.unisantos.br\/anecbaixadasantista\/wp-content\/uploads\/sites\/13\/2019\/07\/WhatsApp-Image-2019-07-25-at-17.58.39.jpeg\" data-attachment-id=\"2145\" data-rel=\"lightbox\" class=\"\"><img loading=\"lazy\" decoding=\"async\"  src=\"http:\/\/www.unisantos.br\/anecbaixadasantista\/wp-content\/uploads\/sites\/13\/cache\/2019\/07\/WhatsApp-Image-2019-07-25-at-17_58_39\/2825638334.jpeg\" width=\"50\" height=\"50\" \/><\/a><a  href=\"http:\/\/www.unisantos.br\/anecbaixadasantista\/wp-content\/uploads\/sites\/13\/2019\/07\/WhatsApp-Image-2019-07-25-at-17.58.30-1.jpeg\" data-attachment-id=\"2146\" data-rel=\"lightbox\" class=\"\"><img loading=\"lazy\" decoding=\"async\"  src=\"http:\/\/www.unisantos.br\/anecbaixadasantista\/wp-content\/uploads\/sites\/13\/cache\/2019\/07\/WhatsApp-Image-2019-07-25-at-17_58_30-1\/3959326675.jpeg\" width=\"50\" height=\"50\" \/><\/a><a  href=\"http:\/\/www.unisantos.br\/anecbaixadasantista\/wp-content\/uploads\/sites\/13\/2019\/07\/WhatsApp-Image-2019-07-25-at-17.58.30.jpeg\" data-attachment-id=\"2147\" data-rel=\"lightbox\" class=\"\"><img loading=\"lazy\" decoding=\"async\"  src=\"http:\/\/www.unisantos.br\/anecbaixadasantista\/wp-content\/uploads\/sites\/13\/cache\/2019\/07\/WhatsApp-Image-2019-07-25-at-17_58_30\/1265168285.jpeg\" width=\"50\" height=\"50\" \/><\/a><a  href=\"http:\/\/www.unisantos.br\/anecbaixadasantista\/wp-content\/uploads\/sites\/13\/2019\/07\/WhatsApp-Image-2019-07-25-at-17.58.31-1.jpeg\" data-attachment-id=\"2148\" data-rel=\"lightbox\" class=\"\"><img loading=\"lazy\" decoding=\"async\"  src=\"http:\/\/www.unisantos.br\/anecbaixadasantista\/wp-content\/uploads\/sites\/13\/cache\/2019\/07\/WhatsApp-Image-2019-07-25-at-17_58_31-1\/904420599.jpeg\" width=\"50\" height=\"50\" \/><\/a><a  href=\"http:\/\/www.unisantos.br\/anecbaixadasantista\/wp-content\/uploads\/sites\/13\/2019\/07\/WhatsApp-Image-2019-07-25-at-17.58.31.jpeg\" data-attachment-id=\"2149\" data-rel=\"lightbox\" class=\"\"><img loading=\"lazy\" decoding=\"async\"  src=\"http:\/\/www.unisantos.br\/anecbaixadasantista\/wp-content\/uploads\/sites\/13\/cache\/2019\/07\/WhatsApp-Image-2019-07-25-at-17_58_31\/1761690871.jpeg\" width=\"50\" height=\"50\" \/><\/a><a  href=\"http:\/\/www.unisantos.br\/anecbaixadasantista\/wp-content\/uploads\/sites\/13\/2019\/07\/WhatsApp-Image-2019-07-25-at-17.58.32.jpeg\" data-attachment-id=\"2150\" data-rel=\"lightbox\" class=\"\"><img loading=\"lazy\" decoding=\"async\"  src=\"http:\/\/www.unisantos.br\/anecbaixadasantista\/wp-content\/uploads\/sites\/13\/cache\/2019\/07\/WhatsApp-Image-2019-07-25-at-17_58_32\/3186079596.jpeg\" width=\"50\" height=\"50\" \/><\/a><a  href=\"http:\/\/www.unisantos.br\/anecbaixadasantista\/wp-content\/uploads\/sites\/13\/2019\/07\/WhatsApp-Image-2019-07-25-at-17.58.33.jpeg\" data-attachment-id=\"2151\" data-rel=\"lightbox\" class=\"\"><img loading=\"lazy\" decoding=\"async\"  src=\"http:\/\/www.unisantos.br\/anecbaixadasantista\/wp-content\/uploads\/sites\/13\/cache\/2019\/07\/WhatsApp-Image-2019-07-25-at-17_58_33\/2370627347.jpeg\" width=\"50\" height=\"50\" \/><\/a><a  href=\"http:\/\/www.unisantos.br\/anecbaixadasantista\/wp-content\/uploads\/sites\/13\/2019\/07\/WhatsApp-Image-2019-07-25-at-17.58.34-1.jpeg\" data-attachment-id=\"2152\" data-rel=\"lightbox\" class=\"\"><img loading=\"lazy\" decoding=\"async\"  src=\"http:\/\/www.unisantos.br\/anecbaixadasantista\/wp-content\/uploads\/sites\/13\/cache\/2019\/07\/WhatsApp-Image-2019-07-25-at-17_58_34-1\/1838931663.jpeg\" width=\"50\" height=\"50\" \/><\/a><a  href=\"http:\/\/www.unisantos.br\/anecbaixadasantista\/wp-content\/uploads\/sites\/13\/2019\/07\/WhatsApp-Image-2019-07-25-at-17.58.34.jpeg\" data-attachment-id=\"2153\" data-rel=\"lightbox\" class=\"\"><img loading=\"lazy\" decoding=\"async\"  src=\"http:\/\/www.unisantos.br\/anecbaixadasantista\/wp-content\/uploads\/sites\/13\/cache\/2019\/07\/WhatsApp-Image-2019-07-25-at-17_58_34\/2794259106.jpeg\" width=\"50\" height=\"50\" \/><\/a><a  href=\"http:\/\/www.unisantos.br\/anecbaixadasantista\/wp-content\/uploads\/sites\/13\/2019\/07\/WhatsApp-Image-2019-07-25-at-17.58.35-1.jpeg\" data-attachment-id=\"2154\" data-rel=\"lightbox\" class=\"\"><img loading=\"lazy\" decoding=\"async\"  src=\"http:\/\/www.unisantos.br\/anecbaixadasantista\/wp-content\/uploads\/sites\/13\/cache\/2019\/07\/WhatsApp-Image-2019-07-25-at-17_58_35-1\/2711345371.jpeg\" width=\"50\" height=\"50\" \/><\/a><a  href=\"http:\/\/www.unisantos.br\/anecbaixadasantista\/wp-content\/uploads\/sites\/13\/2019\/07\/WhatsApp-Image-2019-07-25-at-17.58.35-2.jpeg\" data-attachment-id=\"2155\" data-rel=\"lightbox\" class=\"\"><img loading=\"lazy\" decoding=\"async\"  src=\"http:\/\/www.unisantos.br\/anecbaixadasantista\/wp-content\/uploads\/sites\/13\/cache\/2019\/07\/WhatsApp-Image-2019-07-25-at-17_58_35-2\/2589212600.jpeg\" width=\"50\" height=\"50\" \/><\/a><a  href=\"http:\/\/www.unisantos.br\/anecbaixadasantista\/wp-content\/uploads\/sites\/13\/2019\/07\/WhatsApp-Image-2019-07-25-at-17.58.35.jpeg\" data-attachment-id=\"2156\" data-rel=\"lightbox\" class=\"\"><img loading=\"lazy\" decoding=\"async\"  src=\"http:\/\/www.unisantos.br\/anecbaixadasantista\/wp-content\/uploads\/sites\/13\/cache\/2019\/07\/WhatsApp-Image-2019-07-25-at-17_58_35\/157762093.jpeg\" width=\"50\" height=\"50\" \/><\/a><a  href=\"http:\/\/www.unisantos.br\/anecbaixadasantista\/wp-content\/uploads\/sites\/13\/2019\/07\/WhatsApp-Image-2019-07-25-at-17.58.36-1.jpeg\" data-attachment-id=\"2157\" data-rel=\"lightbox\" class=\"\"><img loading=\"lazy\" decoding=\"async\"  src=\"http:\/\/www.unisantos.br\/anecbaixadasantista\/wp-content\/uploads\/sites\/13\/cache\/2019\/07\/WhatsApp-Image-2019-07-25-at-17_58_36-1\/1052693040.jpeg\" width=\"50\" height=\"50\" \/><\/a><a  href=\"http:\/\/www.unisantos.br\/anecbaixadasantista\/wp-content\/uploads\/sites\/13\/2019\/07\/WhatsApp-Image-2019-07-25-at-17.58.36-2.jpeg\" data-attachment-id=\"2158\" data-rel=\"lightbox\" class=\"\"><img loading=\"lazy\" decoding=\"async\"  src=\"http:\/\/www.unisantos.br\/anecbaixadasantista\/wp-content\/uploads\/sites\/13\/cache\/2019\/07\/WhatsApp-Image-2019-07-25-at-17_58_36-2\/451490231.jpeg\" width=\"50\" height=\"50\" \/><\/a><a  href=\"http:\/\/www.unisantos.br\/anecbaixadasantista\/wp-content\/uploads\/sites\/13\/2019\/07\/WhatsApp-Image-2019-07-25-at-17.58.36-3.jpeg\" data-attachment-id=\"2159\" data-rel=\"lightbox\" class=\"\"><img loading=\"lazy\" decoding=\"async\"  src=\"http:\/\/www.unisantos.br\/anecbaixadasantista\/wp-content\/uploads\/sites\/13\/cache\/2019\/07\/WhatsApp-Image-2019-07-25-at-17_58_36-3\/265354834.jpeg\" width=\"50\" height=\"50\" \/><\/a><a  href=\"http:\/\/www.unisantos.br\/anecbaixadasantista\/wp-content\/uploads\/sites\/13\/2019\/07\/WhatsApp-Image-2019-07-25-at-17.58.36.jpeg\" data-attachment-id=\"2160\" data-rel=\"lightbox\" class=\"\"><img loading=\"lazy\" decoding=\"async\"  src=\"http:\/\/www.unisantos.br\/anecbaixadasantista\/wp-content\/uploads\/sites\/13\/cache\/2019\/07\/WhatsApp-Image-2019-07-25-at-17_58_36\/2446463781.jpeg\" width=\"50\" height=\"50\" \/><\/a><a  href=\"http:\/\/www.unisantos.br\/anecbaixadasantista\/wp-content\/uploads\/sites\/13\/2019\/07\/WhatsApp-Image-2019-07-25-at-17.58.37-1.jpeg\" data-attachment-id=\"2161\" data-rel=\"lightbox\" class=\"\"><img loading=\"lazy\" decoding=\"async\"  src=\"http:\/\/www.unisantos.br\/anecbaixadasantista\/wp-content\/uploads\/sites\/13\/cache\/2019\/07\/WhatsApp-Image-2019-07-25-at-17_58_37-1\/2993100846.jpeg\" width=\"50\" height=\"50\" \/><\/a><a  href=\"http:\/\/www.unisantos.br\/anecbaixadasantista\/wp-content\/uploads\/sites\/13\/2019\/07\/WhatsApp-Image-2019-07-25-at-17.58.37-2.jpeg\" data-attachment-id=\"2162\" data-rel=\"lightbox\" class=\"\"><img loading=\"lazy\" decoding=\"async\"  src=\"http:\/\/www.unisantos.br\/anecbaixadasantista\/wp-content\/uploads\/sites\/13\/cache\/2019\/07\/WhatsApp-Image-2019-07-25-at-17_58_37-2\/2368555009.jpeg\" width=\"50\" height=\"50\" \/><\/a><a  href=\"http:\/\/www.unisantos.br\/anecbaixadasantista\/wp-content\/uploads\/sites\/13\/2019\/07\/WhatsApp-Image-2019-07-25-at-17.58.37-3.jpeg\" data-attachment-id=\"2163\" data-rel=\"lightbox\" class=\"\"><img loading=\"lazy\" decoding=\"async\"  src=\"http:\/\/www.unisantos.br\/anecbaixadasantista\/wp-content\/uploads\/sites\/13\/cache\/2019\/07\/WhatsApp-Image-2019-07-25-at-17_58_37-3\/2551482340.jpeg\" width=\"50\" height=\"50\" \/><\/a><a  href=\"http:\/\/www.unisantos.br\/anecbaixadasantista\/wp-content\/uploads\/sites\/13\/2019\/07\/WhatsApp-Image-2019-07-25-at-17.58.37.jpeg\" data-attachment-id=\"2164\" data-rel=\"lightbox\" class=\"\"><img loading=\"lazy\" decoding=\"async\"  src=\"http:\/\/www.unisantos.br\/anecbaixadasantista\/wp-content\/uploads\/sites\/13\/cache\/2019\/07\/WhatsApp-Image-2019-07-25-at-17_58_37\/434640790.jpeg\" width=\"50\" height=\"50\" \/><\/a><a  href=\"http:\/\/www.unisantos.br\/anecbaixadasantista\/wp-content\/uploads\/sites\/13\/2019\/07\/WhatsApp-Image-2019-07-25-at-17.58.38-1.jpeg\" data-attachment-id=\"2165\" data-rel=\"lightbox\" class=\"\"><img loading=\"lazy\" decoding=\"async\"  src=\"http:\/\/www.unisantos.br\/anecbaixadasantista\/wp-content\/uploads\/sites\/13\/cache\/2019\/07\/WhatsApp-Image-2019-07-25-at-17_58_38-1\/680821360.jpeg\" width=\"50\" height=\"50\" \/><\/a><a  href=\"http:\/\/www.unisantos.br\/anecbaixadasantista\/wp-content\/uploads\/sites\/13\/2019\/07\/WhatsApp-Image-2019-07-25-at-17.58.38-2.jpeg\" data-attachment-id=\"2166\" data-rel=\"lightbox\" class=\"\"><img loading=\"lazy\" decoding=\"async\"  src=\"http:\/\/www.unisantos.br\/anecbaixadasantista\/wp-content\/uploads\/sites\/13\/cache\/2019\/07\/WhatsApp-Image-2019-07-25-at-17_58_38-2\/400478815.jpeg\" width=\"50\" height=\"50\" \/><\/a><a  href=\"http:\/\/www.unisantos.br\/anecbaixadasantista\/wp-content\/uploads\/sites\/13\/2019\/07\/WhatsApp-Image-2019-07-25-at-17.58.38-3.jpeg\" data-attachment-id=\"2167\" data-rel=\"lightbox\" class=\"\"><img loading=\"lazy\" decoding=\"async\"  src=\"http:\/\/www.unisantos.br\/anecbaixadasantista\/wp-content\/uploads\/sites\/13\/cache\/2019\/07\/WhatsApp-Image-2019-07-25-at-17_58_38-3\/48700858.jpeg\" width=\"50\" height=\"50\" \/><\/a><a  href=\"http:\/\/www.unisantos.br\/anecbaixadasantista\/wp-content\/uploads\/sites\/13\/2019\/07\/WhatsApp-Image-2019-07-25-at-17.58.38.jpeg\" data-attachment-id=\"2168\" data-rel=\"lightbox\" class=\"\"><img loading=\"lazy\" decoding=\"async\"  src=\"http:\/\/www.unisantos.br\/anecbaixadasantista\/wp-content\/uploads\/sites\/13\/cache\/2019\/07\/WhatsApp-Image-2019-07-25-at-17_58_38\/3169054486.jpeg\" width=\"50\" height=\"50\" \/><\/a><a  href=\"http:\/\/www.unisantos.br\/anecbaixadasantista\/wp-content\/uploads\/sites\/13\/2019\/07\/WhatsApp-Image-2019-07-25-at-17.58.39-1.jpeg\" data-attachment-id=\"2169\" data-rel=\"lightbox\" class=\"\"><img loading=\"lazy\" decoding=\"async\"  src=\"http:\/\/www.unisantos.br\/anecbaixadasantista\/wp-content\/uploads\/sites\/13\/cache\/2019\/07\/WhatsApp-Image-2019-07-25-at-17_58_39-1\/4060605976.jpeg\" width=\"50\" height=\"50\" \/><\/a><\/div>\r\n\n","protected":false},"excerpt":{"rendered":"","protected":false},"author":1,"featured_media":0,"parent":1938,"menu_order":0,"comment_status":"closed","ping_status":"closed","template":"","meta":{"footnotes":""},"_links":{"self":[{"href":"https:\/\/www.unisantos.br\/anecbaixadasantista\/wp-json\/wp\/v2\/pages\/2170"}],"collection":[{"href":"https:\/\/www.unisantos.br\/anecbaixadasantista\/wp-json\/wp\/v2\/pages"}],"about":[{"href":"https:\/\/www.unisantos.br\/anecbaixadasantista\/wp-json\/wp\/v2\/types\/page"}],"author":[{"embeddable":true,"href":"https:\/\/www.unisantos.br\/anecbaixadasantista\/wp-json\/wp\/v2\/users\/1"}],"replies":[{"embeddable":true,"href":"https:\/\/www.unisantos.br\/anecbaixadasantista\/wp-json\/wp\/v2\/comments?post=2170"}],"version-history":[{"count":1,"href":"https:\/\/www.unisantos.br\/anecbaixadasantista\/wp-json\/wp\/v2\/pages\/2170\/revisions"}],"predecessor-version":[{"id":2171,"href":"https:\/\/www.unisantos.br\/anecbaixadasantista\/wp-json\/wp\/v2\/pages\/2170\/revisions\/2171"}],"up":[{"embeddable":true,"href":"https:\/\/www.unisantos.br\/anecbaixadasantista\/wp-json\/wp\/v2\/pages\/1938"}],"wp:attachment":[{"href":"https:\/\/www.unisantos.br\/anecbaixadasantista\/wp-json\/wp\/v2\/media?parent=2170"}],"curies":[{"name":"wp","href":"https:\/\/api.w.org\/{rel}","templated":true}]}}