{"id":2119,"date":"2019-06-11T10:02:28","date_gmt":"2019-06-11T13:02:28","guid":{"rendered":"https:\/\/www.unisantos.br\/anecbaixadasantista\/?page_id=2119"},"modified":"2019-06-11T10:02:28","modified_gmt":"2019-06-11T13:02:28","slug":"encerramento-do-mes-de-maria-colegio-sao-sao-jose-30-05","status":"publish","type":"page","link":"https:\/\/www.unisantos.br\/anecbaixadasantista\/pastoral-do-colegio-sao-jose\/encerramento-do-mes-de-maria-colegio-sao-sao-jose-30-05\/","title":{"rendered":"Encerramento do M\u00eas de Maria &#8211; Col\u00e9gio S\u00e3o S\u00e3o Jos\u00e9 &#8211; 30\/05"},"content":{"rendered":"<div id=\"foogallery-gallery-2105\" class=\"foogallery-container foogallery-default foogallery-link-custom foogallery-lightbox-dfactory spacing-width-10  hover-effect-none border-style-square-white alignment-left hover-caption-simple foogallery-default-loading\">\r\n\t<a  href=\"http:\/\/www.unisantos.br\/anecbaixadasantista\/wp-content\/uploads\/sites\/13\/2019\/06\/WhatsApp-Image-2019-06-11-at-09.31.14.jpeg\" data-attachment-id=\"2118\" data-rel=\"lightbox\" class=\"\"><img loading=\"lazy\" decoding=\"async\"  src=\"http:\/\/www.unisantos.br\/anecbaixadasantista\/wp-content\/uploads\/sites\/13\/cache\/2019\/06\/WhatsApp-Image-2019-06-11-at-09_31_14\/1761176881.jpeg\" width=\"50\" height=\"50\" \/><\/a><\/div>\r\n\n","protected":false},"excerpt":{"rendered":"","protected":false},"author":1,"featured_media":0,"parent":79,"menu_order":0,"comment_status":"closed","ping_status":"closed","template":"","meta":{"footnotes":""},"_links":{"self":[{"href":"https:\/\/www.unisantos.br\/anecbaixadasantista\/wp-json\/wp\/v2\/pages\/2119"}],"collection":[{"href":"https:\/\/www.unisantos.br\/anecbaixadasantista\/wp-json\/wp\/v2\/pages"}],"about":[{"href":"https:\/\/www.unisantos.br\/anecbaixadasantista\/wp-json\/wp\/v2\/types\/page"}],"author":[{"embeddable":true,"href":"https:\/\/www.unisantos.br\/anecbaixadasantista\/wp-json\/wp\/v2\/users\/1"}],"replies":[{"embeddable":true,"href":"https:\/\/www.unisantos.br\/anecbaixadasantista\/wp-json\/wp\/v2\/comments?post=2119"}],"version-history":[{"count":1,"href":"https:\/\/www.unisantos.br\/anecbaixadasantista\/wp-json\/wp\/v2\/pages\/2119\/revisions"}],"predecessor-version":[{"id":2120,"href":"https:\/\/www.unisantos.br\/anecbaixadasantista\/wp-json\/wp\/v2\/pages\/2119\/revisions\/2120"}],"up":[{"embeddable":true,"href":"https:\/\/www.unisantos.br\/anecbaixadasantista\/wp-json\/wp\/v2\/pages\/79"}],"wp:attachment":[{"href":"https:\/\/www.unisantos.br\/anecbaixadasantista\/wp-json\/wp\/v2\/media?parent=2119"}],"curies":[{"name":"wp","href":"https:\/\/api.w.org\/{rel}","templated":true}]}}