{"id":1978,"date":"2019-05-02T17:27:21","date_gmt":"2019-05-02T20:27:21","guid":{"rendered":"https:\/\/www.unisantos.br\/anecbaixadasantista\/?page_id=1978"},"modified":"2019-05-02T17:27:21","modified_gmt":"2019-05-02T20:27:21","slug":"celebracao-de-pascoa-do-colegio-stella-maris-16-4","status":"publish","type":"page","link":"https:\/\/www.unisantos.br\/anecbaixadasantista\/pastoral-do-colegio-stella-maris\/celebracao-de-pascoa-do-colegio-stella-maris-16-4\/","title":{"rendered":"Celebra\u00e7\u00e3o de P\u00e1scoa do Col\u00e9gio Stella Maris &#8211; 16\/4"},"content":{"rendered":"<div id=\"foogallery-gallery-1940\" class=\"foogallery-container foogallery-default foogallery-link-custom foogallery-lightbox-dfactory spacing-width-10  hover-effect-none border-style-square-white alignment-left hover-caption-simple foogallery-default-loading\">\r\n\t<a  href=\"http:\/\/www.unisantos.br\/anecbaixadasantista\/wp-content\/uploads\/sites\/13\/2019\/05\/WhatsApp-Image-2019-05-02-at-16.52.18.jpeg\" data-attachment-id=\"1941\" data-rel=\"lightbox\" class=\"\"><img loading=\"lazy\" decoding=\"async\"  src=\"http:\/\/www.unisantos.br\/anecbaixadasantista\/wp-content\/uploads\/sites\/13\/cache\/2019\/05\/WhatsApp-Image-2019-05-02-at-16_52_18\/2778113735.jpeg\" width=\"50\" height=\"50\" \/><\/a><a  href=\"http:\/\/www.unisantos.br\/anecbaixadasantista\/wp-content\/uploads\/sites\/13\/2019\/05\/WhatsApp-Image-2019-05-02-at-16.52.23.jpeg\" data-attachment-id=\"1942\" data-rel=\"lightbox\" class=\"\"><img loading=\"lazy\" decoding=\"async\"  src=\"http:\/\/www.unisantos.br\/anecbaixadasantista\/wp-content\/uploads\/sites\/13\/cache\/2019\/05\/WhatsApp-Image-2019-05-02-at-16_52_23\/2760134493.jpeg\" width=\"50\" height=\"50\" \/><\/a><a  href=\"http:\/\/www.unisantos.br\/anecbaixadasantista\/wp-content\/uploads\/sites\/13\/2019\/05\/WhatsApp-Image-2019-05-02-at-16.52.24.jpeg\" data-attachment-id=\"1943\" data-rel=\"lightbox\" class=\"\"><img loading=\"lazy\" decoding=\"async\"  src=\"http:\/\/www.unisantos.br\/anecbaixadasantista\/wp-content\/uploads\/sites\/13\/cache\/2019\/05\/WhatsApp-Image-2019-05-02-at-16_52_24\/3879036584.jpeg\" width=\"50\" height=\"50\" \/><\/a><a  href=\"http:\/\/www.unisantos.br\/anecbaixadasantista\/wp-content\/uploads\/sites\/13\/2019\/05\/WhatsApp-Image-2019-05-02-at-16.52.25.jpeg\" data-attachment-id=\"1944\" data-rel=\"lightbox\" class=\"\"><img loading=\"lazy\" decoding=\"async\"  src=\"http:\/\/www.unisantos.br\/anecbaixadasantista\/wp-content\/uploads\/sites\/13\/cache\/2019\/05\/WhatsApp-Image-2019-05-02-at-16_52_25\/125808223.jpeg\" width=\"50\" height=\"50\" \/><\/a><a  href=\"http:\/\/www.unisantos.br\/anecbaixadasantista\/wp-content\/uploads\/sites\/13\/2019\/05\/WhatsApp-Image-2019-05-02-at-16.52.26-1.jpeg\" data-attachment-id=\"1945\" data-rel=\"lightbox\" class=\"\"><img loading=\"lazy\" decoding=\"async\"  src=\"http:\/\/www.unisantos.br\/anecbaixadasantista\/wp-content\/uploads\/sites\/13\/cache\/2019\/05\/WhatsApp-Image-2019-05-02-at-16_52_26-1\/2316003599.jpeg\" width=\"50\" height=\"50\" \/><\/a><a  href=\"http:\/\/www.unisantos.br\/anecbaixadasantista\/wp-content\/uploads\/sites\/13\/2019\/05\/WhatsApp-Image-2019-05-02-at-16.52.26.jpeg\" data-attachment-id=\"1946\" data-rel=\"lightbox\" class=\"\"><img loading=\"lazy\" decoding=\"async\"  src=\"http:\/\/www.unisantos.br\/anecbaixadasantista\/wp-content\/uploads\/sites\/13\/cache\/2019\/05\/WhatsApp-Image-2019-05-02-at-16_52_26\/1901206242.jpeg\" width=\"50\" height=\"50\" \/><\/a><a  href=\"http:\/\/www.unisantos.br\/anecbaixadasantista\/wp-content\/uploads\/sites\/13\/2019\/05\/WhatsApp-Image-2019-05-02-at-16.52.27.jpeg\" data-attachment-id=\"1947\" data-rel=\"lightbox\" class=\"\"><img loading=\"lazy\" decoding=\"async\"  src=\"http:\/\/www.unisantos.br\/anecbaixadasantista\/wp-content\/uploads\/sites\/13\/cache\/2019\/05\/WhatsApp-Image-2019-05-02-at-16_52_27\/1106856605.jpeg\" width=\"50\" height=\"50\" \/><\/a><a  href=\"http:\/\/www.unisantos.br\/anecbaixadasantista\/wp-content\/uploads\/sites\/13\/2019\/05\/WhatsApp-Image-2019-05-02-at-16.52.29.jpeg\" data-attachment-id=\"1948\" data-rel=\"lightbox\" class=\"\"><img loading=\"lazy\" decoding=\"async\"  src=\"http:\/\/www.unisantos.br\/anecbaixadasantista\/wp-content\/uploads\/sites\/13\/cache\/2019\/05\/WhatsApp-Image-2019-05-02-at-16_52_29\/2616814106.jpeg\" width=\"50\" height=\"50\" \/><\/a><a  href=\"http:\/\/www.unisantos.br\/anecbaixadasantista\/wp-content\/uploads\/sites\/13\/2019\/05\/WhatsApp-Image-2019-05-02-at-16.52.30-1.jpeg\" data-attachment-id=\"1949\" data-rel=\"lightbox\" class=\"\"><img loading=\"lazy\" decoding=\"async\"  src=\"http:\/\/www.unisantos.br\/anecbaixadasantista\/wp-content\/uploads\/sites\/13\/cache\/2019\/05\/WhatsApp-Image-2019-05-02-at-16_52_30-1\/3792067723.jpeg\" width=\"50\" height=\"50\" \/><\/a><a  href=\"http:\/\/www.unisantos.br\/anecbaixadasantista\/wp-content\/uploads\/sites\/13\/2019\/05\/WhatsApp-Image-2019-05-02-at-16.52.30.jpeg\" data-attachment-id=\"1950\" data-rel=\"lightbox\" class=\"\"><img loading=\"lazy\" decoding=\"async\"  src=\"http:\/\/www.unisantos.br\/anecbaixadasantista\/wp-content\/uploads\/sites\/13\/cache\/2019\/05\/WhatsApp-Image-2019-05-02-at-16_52_30\/304299037.jpeg\" width=\"50\" height=\"50\" \/><\/a><a  href=\"http:\/\/www.unisantos.br\/anecbaixadasantista\/wp-content\/uploads\/sites\/13\/2019\/05\/WhatsApp-Image-2019-05-02-at-16.52.31.jpeg\" data-attachment-id=\"1951\" data-rel=\"lightbox\" class=\"\"><img loading=\"lazy\" decoding=\"async\"  src=\"http:\/\/www.unisantos.br\/anecbaixadasantista\/wp-content\/uploads\/sites\/13\/cache\/2019\/05\/WhatsApp-Image-2019-05-02-at-16_52_31\/579365986.jpeg\" width=\"50\" height=\"50\" \/><\/a><a  href=\"http:\/\/www.unisantos.br\/anecbaixadasantista\/wp-content\/uploads\/sites\/13\/2019\/05\/WhatsApp-Image-2019-05-02-at-16.52.33.jpeg\" data-attachment-id=\"1952\" data-rel=\"lightbox\" class=\"\"><img loading=\"lazy\" decoding=\"async\"  src=\"http:\/\/www.unisantos.br\/anecbaixadasantista\/wp-content\/uploads\/sites\/13\/cache\/2019\/05\/WhatsApp-Image-2019-05-02-at-16_52_33\/1678674080.jpeg\" width=\"50\" height=\"50\" \/><\/a><a  href=\"http:\/\/www.unisantos.br\/anecbaixadasantista\/wp-content\/uploads\/sites\/13\/2019\/05\/WhatsApp-Image-2019-05-02-at-16.52.35.jpeg\" data-attachment-id=\"1953\" data-rel=\"lightbox\" class=\"\"><img loading=\"lazy\" decoding=\"async\"  src=\"http:\/\/www.unisantos.br\/anecbaixadasantista\/wp-content\/uploads\/sites\/13\/cache\/2019\/05\/WhatsApp-Image-2019-05-02-at-16_52_35\/818197782.jpeg\" width=\"50\" height=\"50\" \/><\/a><a  href=\"http:\/\/www.unisantos.br\/anecbaixadasantista\/wp-content\/uploads\/sites\/13\/2019\/05\/WhatsApp-Image-2019-05-02-at-16.52.36.jpeg\" data-attachment-id=\"1954\" data-rel=\"lightbox\" class=\"\"><img loading=\"lazy\" decoding=\"async\"  src=\"http:\/\/www.unisantos.br\/anecbaixadasantista\/wp-content\/uploads\/sites\/13\/cache\/2019\/05\/WhatsApp-Image-2019-05-02-at-16_52_36\/4269299047.jpeg\" width=\"50\" height=\"50\" \/><\/a><a  href=\"http:\/\/www.unisantos.br\/anecbaixadasantista\/wp-content\/uploads\/sites\/13\/2019\/05\/WhatsApp-Image-2019-05-02-at-16.52.37.jpeg\" data-attachment-id=\"1955\" data-rel=\"lightbox\" class=\"\"><img loading=\"lazy\" decoding=\"async\"  src=\"http:\/\/www.unisantos.br\/anecbaixadasantista\/wp-content\/uploads\/sites\/13\/cache\/2019\/05\/WhatsApp-Image-2019-05-02-at-16_52_37\/3469935896.jpeg\" width=\"50\" height=\"50\" \/><\/a><a  href=\"http:\/\/www.unisantos.br\/anecbaixadasantista\/wp-content\/uploads\/sites\/13\/2019\/05\/WhatsApp-Image-2019-05-02-at-16.52.38.jpeg\" data-attachment-id=\"1956\" data-rel=\"lightbox\" class=\"\"><img loading=\"lazy\" decoding=\"async\"  src=\"http:\/\/www.unisantos.br\/anecbaixadasantista\/wp-content\/uploads\/sites\/13\/cache\/2019\/05\/WhatsApp-Image-2019-05-02-at-16_52_38\/2031748749.jpeg\" width=\"50\" height=\"50\" \/><\/a><a  href=\"http:\/\/www.unisantos.br\/anecbaixadasantista\/wp-content\/uploads\/sites\/13\/2019\/05\/WhatsApp-Image-2019-05-02-at-16.52.39-1.jpeg\" data-attachment-id=\"1957\" data-rel=\"lightbox\" class=\"\"><img loading=\"lazy\" decoding=\"async\"  src=\"http:\/\/www.unisantos.br\/anecbaixadasantista\/wp-content\/uploads\/sites\/13\/cache\/2019\/05\/WhatsApp-Image-2019-05-02-at-16_52_39-1\/3110347500.jpeg\" width=\"50\" height=\"50\" \/><\/a><a  href=\"http:\/\/www.unisantos.br\/anecbaixadasantista\/wp-content\/uploads\/sites\/13\/2019\/05\/WhatsApp-Image-2019-05-02-at-16.52.39.jpeg\" data-attachment-id=\"1958\" data-rel=\"lightbox\" class=\"\"><img loading=\"lazy\" decoding=\"async\"  src=\"http:\/\/www.unisantos.br\/anecbaixadasantista\/wp-content\/uploads\/sites\/13\/cache\/2019\/05\/WhatsApp-Image-2019-05-02-at-16_52_39\/1534307815.jpeg\" width=\"50\" height=\"50\" \/><\/a><a  href=\"http:\/\/www.unisantos.br\/anecbaixadasantista\/wp-content\/uploads\/sites\/13\/2019\/05\/WhatsApp-Image-2019-05-02-at-16.52.40.jpeg\" data-attachment-id=\"1959\" data-rel=\"lightbox\" class=\"\"><img loading=\"lazy\" decoding=\"async\"  src=\"http:\/\/www.unisantos.br\/anecbaixadasantista\/wp-content\/uploads\/sites\/13\/cache\/2019\/05\/WhatsApp-Image-2019-05-02-at-16_52_40\/853296377.jpeg\" width=\"50\" height=\"50\" \/><\/a><a  href=\"http:\/\/www.unisantos.br\/anecbaixadasantista\/wp-content\/uploads\/sites\/13\/2019\/05\/WhatsApp-Image-2019-05-02-at-16.52.42.jpeg\" data-attachment-id=\"1960\" data-rel=\"lightbox\" class=\"\"><img loading=\"lazy\" decoding=\"async\"  src=\"http:\/\/www.unisantos.br\/anecbaixadasantista\/wp-content\/uploads\/sites\/13\/cache\/2019\/05\/WhatsApp-Image-2019-05-02-at-16_52_42\/2949708455.jpeg\" width=\"50\" height=\"50\" \/><\/a><a  href=\"http:\/\/www.unisantos.br\/anecbaixadasantista\/wp-content\/uploads\/sites\/13\/2019\/05\/WhatsApp-Image-2019-05-02-at-16.52.45.jpeg\" data-attachment-id=\"1961\" data-rel=\"lightbox\" class=\"\"><img loading=\"lazy\" decoding=\"async\"  src=\"http:\/\/www.unisantos.br\/anecbaixadasantista\/wp-content\/uploads\/sites\/13\/cache\/2019\/05\/WhatsApp-Image-2019-05-02-at-16_52_45\/3965834066.jpeg\" width=\"50\" height=\"50\" \/><\/a><a  href=\"http:\/\/www.unisantos.br\/anecbaixadasantista\/wp-content\/uploads\/sites\/13\/2019\/05\/WhatsApp-Image-2019-05-02-at-16.52.46.jpeg\" data-attachment-id=\"1962\" data-rel=\"lightbox\" class=\"\"><img loading=\"lazy\" decoding=\"async\"  src=\"http:\/\/www.unisantos.br\/anecbaixadasantista\/wp-content\/uploads\/sites\/13\/cache\/2019\/05\/WhatsApp-Image-2019-05-02-at-16_52_46\/3181126611.jpeg\" width=\"50\" height=\"50\" \/><\/a><a  href=\"http:\/\/www.unisantos.br\/anecbaixadasantista\/wp-content\/uploads\/sites\/13\/2019\/05\/WhatsApp-Image-2019-05-02-at-16.52.49.jpeg\" data-attachment-id=\"1963\" data-rel=\"lightbox\" class=\"\"><img loading=\"lazy\" decoding=\"async\"  src=\"http:\/\/www.unisantos.br\/anecbaixadasantista\/wp-content\/uploads\/sites\/13\/cache\/2019\/05\/WhatsApp-Image-2019-05-02-at-16_52_49\/1173727294.jpeg\" width=\"50\" height=\"50\" \/><\/a><a  href=\"http:\/\/www.unisantos.br\/anecbaixadasantista\/wp-content\/uploads\/sites\/13\/2019\/05\/WhatsApp-Image-2019-05-02-at-16.52.50.jpeg\" data-attachment-id=\"1964\" data-rel=\"lightbox\" class=\"\"><img loading=\"lazy\" decoding=\"async\"  src=\"http:\/\/www.unisantos.br\/anecbaixadasantista\/wp-content\/uploads\/sites\/13\/cache\/2019\/05\/WhatsApp-Image-2019-05-02-at-16_52_50\/4054165999.jpeg\" width=\"50\" height=\"50\" \/><\/a><a  href=\"http:\/\/www.unisantos.br\/anecbaixadasantista\/wp-content\/uploads\/sites\/13\/2019\/05\/WhatsApp-Image-2019-05-02-at-16.52.54-1.jpeg\" data-attachment-id=\"1965\" data-rel=\"lightbox\" class=\"\"><img loading=\"lazy\" decoding=\"async\"  src=\"http:\/\/www.unisantos.br\/anecbaixadasantista\/wp-content\/uploads\/sites\/13\/cache\/2019\/05\/WhatsApp-Image-2019-05-02-at-16_52_54-1\/3650203981.jpeg\" width=\"50\" height=\"50\" \/><\/a><a  href=\"http:\/\/www.unisantos.br\/anecbaixadasantista\/wp-content\/uploads\/sites\/13\/2019\/05\/WhatsApp-Image-2019-05-02-at-16.52.54.jpeg\" data-attachment-id=\"1966\" data-rel=\"lightbox\" class=\"\"><img loading=\"lazy\" decoding=\"async\"  src=\"http:\/\/www.unisantos.br\/anecbaixadasantista\/wp-content\/uploads\/sites\/13\/cache\/2019\/05\/WhatsApp-Image-2019-05-02-at-16_52_54\/3823726747.jpeg\" width=\"50\" height=\"50\" \/><\/a><a  href=\"http:\/\/www.unisantos.br\/anecbaixadasantista\/wp-content\/uploads\/sites\/13\/2019\/05\/WhatsApp-Image-2019-05-02-at-16.52.55.jpeg\" data-attachment-id=\"1967\" data-rel=\"lightbox\" class=\"\"><img loading=\"lazy\" decoding=\"async\"  src=\"http:\/\/www.unisantos.br\/anecbaixadasantista\/wp-content\/uploads\/sites\/13\/cache\/2019\/05\/WhatsApp-Image-2019-05-02-at-16_52_55\/3544326372.jpeg\" width=\"50\" height=\"50\" \/><\/a><a  href=\"http:\/\/www.unisantos.br\/anecbaixadasantista\/wp-content\/uploads\/sites\/13\/2019\/05\/WhatsApp-Image-2019-05-02-at-16.52.56.jpeg\" data-attachment-id=\"1968\" data-rel=\"lightbox\" class=\"\"><img loading=\"lazy\" decoding=\"async\"  src=\"http:\/\/www.unisantos.br\/anecbaixadasantista\/wp-content\/uploads\/sites\/13\/cache\/2019\/05\/WhatsApp-Image-2019-05-02-at-16_52_56\/4161660724.jpeg\" width=\"50\" height=\"50\" \/><\/a><a  href=\"http:\/\/www.unisantos.br\/anecbaixadasantista\/wp-content\/uploads\/sites\/13\/2019\/05\/WhatsApp-Image-2019-05-02-at-16.53.07.jpeg\" data-attachment-id=\"1969\" data-rel=\"lightbox\" class=\"\"><img loading=\"lazy\" decoding=\"async\"  src=\"http:\/\/www.unisantos.br\/anecbaixadasantista\/wp-content\/uploads\/sites\/13\/cache\/2019\/05\/WhatsApp-Image-2019-05-02-at-16_53_07\/3039440992.jpeg\" width=\"50\" height=\"50\" \/><\/a><a  href=\"http:\/\/www.unisantos.br\/anecbaixadasantista\/wp-content\/uploads\/sites\/13\/2019\/05\/WhatsApp-Image-2019-05-02-at-16.53.08-1.jpeg\" data-attachment-id=\"1970\" data-rel=\"lightbox\" class=\"\"><img loading=\"lazy\" decoding=\"async\"  src=\"http:\/\/www.unisantos.br\/anecbaixadasantista\/wp-content\/uploads\/sites\/13\/cache\/2019\/05\/WhatsApp-Image-2019-05-02-at-16_53_08-1\/3805889748.jpeg\" width=\"50\" height=\"50\" \/><\/a><a  href=\"http:\/\/www.unisantos.br\/anecbaixadasantista\/wp-content\/uploads\/sites\/13\/2019\/05\/WhatsApp-Image-2019-05-02-at-16.53.08.jpeg\" data-attachment-id=\"1971\" data-rel=\"lightbox\" class=\"\"><img loading=\"lazy\" decoding=\"async\"  src=\"http:\/\/www.unisantos.br\/anecbaixadasantista\/wp-content\/uploads\/sites\/13\/cache\/2019\/05\/WhatsApp-Image-2019-05-02-at-16_53_08\/2687005907.jpeg\" width=\"50\" height=\"50\" \/><\/a><a  href=\"http:\/\/www.unisantos.br\/anecbaixadasantista\/wp-content\/uploads\/sites\/13\/2019\/05\/WhatsApp-Image-2019-05-02-at-16.53.09-1.jpeg\" data-attachment-id=\"1972\" data-rel=\"lightbox\" class=\"\"><img loading=\"lazy\" decoding=\"async\"  src=\"http:\/\/www.unisantos.br\/anecbaixadasantista\/wp-content\/uploads\/sites\/13\/cache\/2019\/05\/WhatsApp-Image-2019-05-02-at-16_53_09-1\/668085336.jpeg\" width=\"50\" height=\"50\" \/><\/a><a  href=\"http:\/\/www.unisantos.br\/anecbaixadasantista\/wp-content\/uploads\/sites\/13\/2019\/05\/WhatsApp-Image-2019-05-02-at-16.53.09.jpeg\" data-attachment-id=\"1973\" data-rel=\"lightbox\" class=\"\"><img loading=\"lazy\" decoding=\"async\"  src=\"http:\/\/www.unisantos.br\/anecbaixadasantista\/wp-content\/uploads\/sites\/13\/cache\/2019\/05\/WhatsApp-Image-2019-05-02-at-16_53_09\/4176734440.jpeg\" width=\"50\" height=\"50\" \/><\/a><a  href=\"http:\/\/www.unisantos.br\/anecbaixadasantista\/wp-content\/uploads\/sites\/13\/2019\/05\/WhatsApp-Image-2019-05-02-at-16.53.10-1.jpeg\" data-attachment-id=\"1974\" data-rel=\"lightbox\" class=\"\"><img loading=\"lazy\" decoding=\"async\"  src=\"http:\/\/www.unisantos.br\/anecbaixadasantista\/wp-content\/uploads\/sites\/13\/cache\/2019\/05\/WhatsApp-Image-2019-05-02-at-16_53_10-1\/3400828774.jpeg\" width=\"50\" height=\"50\" \/><\/a><a  href=\"http:\/\/www.unisantos.br\/anecbaixadasantista\/wp-content\/uploads\/sites\/13\/2019\/05\/WhatsApp-Image-2019-05-02-at-16.53.10.jpeg\" data-attachment-id=\"1975\" data-rel=\"lightbox\" class=\"\"><img loading=\"lazy\" decoding=\"async\"  src=\"http:\/\/www.unisantos.br\/anecbaixadasantista\/wp-content\/uploads\/sites\/13\/cache\/2019\/05\/WhatsApp-Image-2019-05-02-at-16_53_10\/1802743045.jpeg\" width=\"50\" height=\"50\" \/><\/a><a  href=\"http:\/\/www.unisantos.br\/anecbaixadasantista\/wp-content\/uploads\/sites\/13\/2019\/05\/WhatsApp-Image-2019-05-02-at-16.53.11-1.jpeg\" data-attachment-id=\"1976\" data-rel=\"lightbox\" class=\"\"><img loading=\"lazy\" decoding=\"async\"  src=\"http:\/\/www.unisantos.br\/anecbaixadasantista\/wp-content\/uploads\/sites\/13\/cache\/2019\/05\/WhatsApp-Image-2019-05-02-at-16_53_11-1\/264237034.jpeg\" width=\"50\" height=\"50\" \/><\/a><a  href=\"http:\/\/www.unisantos.br\/anecbaixadasantista\/wp-content\/uploads\/sites\/13\/2019\/05\/WhatsApp-Image-2019-05-02-at-16.53.11.jpeg\" data-attachment-id=\"1977\" data-rel=\"lightbox\" class=\"\"><img loading=\"lazy\" decoding=\"async\"  src=\"http:\/\/www.unisantos.br\/anecbaixadasantista\/wp-content\/uploads\/sites\/13\/cache\/2019\/05\/WhatsApp-Image-2019-05-02-at-16_53_11\/866660670.jpeg\" width=\"50\" height=\"50\" \/><\/a><\/div>\r\n\n","protected":false},"excerpt":{"rendered":"","protected":false},"author":1,"featured_media":0,"parent":1938,"menu_order":0,"comment_status":"closed","ping_status":"closed","template":"","meta":{"footnotes":""},"_links":{"self":[{"href":"https:\/\/www.unisantos.br\/anecbaixadasantista\/wp-json\/wp\/v2\/pages\/1978"}],"collection":[{"href":"https:\/\/www.unisantos.br\/anecbaixadasantista\/wp-json\/wp\/v2\/pages"}],"about":[{"href":"https:\/\/www.unisantos.br\/anecbaixadasantista\/wp-json\/wp\/v2\/types\/page"}],"author":[{"embeddable":true,"href":"https:\/\/www.unisantos.br\/anecbaixadasantista\/wp-json\/wp\/v2\/users\/1"}],"replies":[{"embeddable":true,"href":"https:\/\/www.unisantos.br\/anecbaixadasantista\/wp-json\/wp\/v2\/comments?post=1978"}],"version-history":[{"count":1,"href":"https:\/\/www.unisantos.br\/anecbaixadasantista\/wp-json\/wp\/v2\/pages\/1978\/revisions"}],"predecessor-version":[{"id":1979,"href":"https:\/\/www.unisantos.br\/anecbaixadasantista\/wp-json\/wp\/v2\/pages\/1978\/revisions\/1979"}],"up":[{"embeddable":true,"href":"https:\/\/www.unisantos.br\/anecbaixadasantista\/wp-json\/wp\/v2\/pages\/1938"}],"wp:attachment":[{"href":"https:\/\/www.unisantos.br\/anecbaixadasantista\/wp-json\/wp\/v2\/media?parent=1978"}],"curies":[{"name":"wp","href":"https:\/\/api.w.org\/{rel}","templated":true}]}}