{"id":1938,"date":"2019-05-02T17:21:10","date_gmt":"2019-05-02T20:21:10","guid":{"rendered":"https:\/\/www.unisantos.br\/anecbaixadasantista\/?page_id=1938"},"modified":"2019-07-26T10:48:28","modified_gmt":"2019-07-26T13:48:28","slug":"pastoral-do-colegio-stella-maris","status":"publish","type":"page","link":"https:\/\/www.unisantos.br\/anecbaixadasantista\/pastoral-do-colegio-stella-maris\/","title":{"rendered":"Pastoral do Col\u00e9gio Stella Maris"},"content":{"rendered":"<h2>Celebra\u00e7\u00e3o de P\u00e1scoa do Col\u00e9gio Stella Maris<\/h2>\n<h3>16\/04\/2019<\/h3>\n<p><a class=\"botao-menor\" href=\"https:\/\/www.unisantos.br\/anecbaixadasantista\/pastoral-do-colegio-stella-maris\/celebracao-de-pascoa-do-colegio-stella-maris-16-4\/\">GALERIA<\/a><\/p>\n<h2>Celebra\u00e7\u00e3o de P\u00e1scoa do Fundamental II e Ensino M\u00e9dio do Col\u00e9gio Stella Maris<\/h2>\n<h3>17\/04\/2019<\/h3>\n<p><a class=\"botao-menor\" href=\"https:\/\/www.unisantos.br\/anecbaixadasantista\/pastoral-do-colegio-stella-maris\/celebracao-de-pascoa-do-fundamental-ii-e-ensino-medio-do-colegio-stella-maris-17-4\/\">GALERIA<\/a><\/p>\n<h2>Celebra\u00e7\u00e3o 95 Anos Col\u00e9gio Stella Maris<\/h2>\n<h3>19\/06\/2019<\/h3>\n<p><a class=\"botao-menor\" href=\"https:\/\/www.unisantos.br\/anecbaixadasantista\/pastoral-do-colegio-stella-maris\/celebracao-95-anos-colegio-stella-maris\/\">GALERIA<\/a><\/p>\n","protected":false},"excerpt":{"rendered":"<p>Celebra\u00e7\u00e3o de P\u00e1scoa do Col\u00e9gio Stella Maris 16\/04\/2019 GALERIA Celebra\u00e7\u00e3o de P\u00e1scoa do Fundamental II e Ensino M\u00e9dio do Col\u00e9gio [&hellip;]<\/p>\n","protected":false},"author":1,"featured_media":0,"parent":0,"menu_order":0,"comment_status":"closed","ping_status":"closed","template":"","meta":{"footnotes":""},"_links":{"self":[{"href":"https:\/\/www.unisantos.br\/anecbaixadasantista\/wp-json\/wp\/v2\/pages\/1938"}],"collection":[{"href":"https:\/\/www.unisantos.br\/anecbaixadasantista\/wp-json\/wp\/v2\/pages"}],"about":[{"href":"https:\/\/www.unisantos.br\/anecbaixadasantista\/wp-json\/wp\/v2\/types\/page"}],"author":[{"embeddable":true,"href":"https:\/\/www.unisantos.br\/anecbaixadasantista\/wp-json\/wp\/v2\/users\/1"}],"replies":[{"embeddable":true,"href":"https:\/\/www.unisantos.br\/anecbaixadasantista\/wp-json\/wp\/v2\/comments?post=1938"}],"version-history":[{"count":4,"href":"https:\/\/www.unisantos.br\/anecbaixadasantista\/wp-json\/wp\/v2\/pages\/1938\/revisions"}],"predecessor-version":[{"id":2172,"href":"https:\/\/www.unisantos.br\/anecbaixadasantista\/wp-json\/wp\/v2\/pages\/1938\/revisions\/2172"}],"wp:attachment":[{"href":"https:\/\/www.unisantos.br\/anecbaixadasantista\/wp-json\/wp\/v2\/media?parent=1938"}],"curies":[{"name":"wp","href":"https:\/\/api.w.org\/{rel}","templated":true}]}}