{"id":1833,"date":"2019-04-11T17:45:21","date_gmt":"2019-04-11T20:45:21","guid":{"rendered":"https:\/\/www.unisantos.br\/anecbaixadasantista\/?page_id=1833"},"modified":"2019-04-11T17:46:50","modified_gmt":"2019-04-11T20:46:50","slug":"professores-das-escolas-catolicas-da-baixada-no-encontro-sobre-a-cf-2019","status":"publish","type":"page","link":"https:\/\/www.unisantos.br\/anecbaixadasantista\/pastoral-do-colegio-liceu-santista\/professores-das-escolas-catolicas-da-baixada-no-encontro-sobre-a-cf-2019\/","title":{"rendered":"Professores das escolas cat\u00f3licas da Baixada no encontro sobre a CF 2019"},"content":{"rendered":"<p>Um grupo formado por 30 educadores (dire\u00e7\u00e3o, coordena\u00e7\u00e3o e professores) representou o Liceu Santista no Encontro de Forma\u00e7\u00e3o da Campanha da Fraternidade 2019, realizado na UniSantos no dia 2 de fevereiro.<\/p>\n<p>O bispo diocesano de Santos, Dom Tarc\u00edsio Scaramussa, deu as boas-vindas aos participantes, destacando que as\u00a0 institui\u00e7\u00f5es cat\u00f3licas t\u00eam a miss\u00e3o evangelizadora de contribuir para a constru\u00e7\u00e3o de pol\u00edticas p\u00fablicas que atendam \u00e0 demanda social.<\/p>\n<p>O evento, que reuniu as escolas cat\u00f3licas que integram a ANEC \/ BS (Associa\u00e7\u00e3o Nacional de Educa\u00e7\u00e3o Cat\u00f3lica da Baixada Santista), teve o intuito de proporcionar aos professores da Educa\u00e7\u00e3o Infantil aos Ensinos Fundamental, M\u00e9dio e Superior conhecimento sobre como s\u00e3o formuladas e aplicadas as pol\u00edticas p\u00fablicas estabelecidas pelo Estado, considerando aspectos relacionados \u00e0 sa\u00fade, educa\u00e7\u00e3o, habita\u00e7\u00e3o, cultura, assist\u00eancia social.<\/p>\n<p>Divididos em grupos, os professores participaram de oficinas para a elabora\u00e7\u00e3o sequ\u00eancias did\u00e1ticas por segmentos. Nesses encontros, eles discutiram a constru\u00e7\u00e3o de modelos para trabalhos relativos \u00e0 CF em salas de aula, apoiados por subs\u00eddios como filmes, textos, artigos, sites, can\u00e7\u00f5es entre outros.<\/p>\n<p><img loading=\"lazy\" decoding=\"async\" class=\"alignnone size-full wp-image-1834\" src=\"http:\/\/www.unisantos.br\/anecbaixadasantista\/wp-content\/uploads\/sites\/13\/2019\/04\/CF-17.jpeg\" alt=\"\" width=\"1280\" height=\"959\" srcset=\"https:\/\/www.unisantos.br\/anecbaixadasantista\/wp-content\/uploads\/sites\/13\/2019\/04\/CF-17.jpeg 1280w, https:\/\/www.unisantos.br\/anecbaixadasantista\/wp-content\/uploads\/sites\/13\/2019\/04\/CF-17-300x225.jpeg 300w, https:\/\/www.unisantos.br\/anecbaixadasantista\/wp-content\/uploads\/sites\/13\/2019\/04\/CF-17-768x575.jpeg 768w, https:\/\/www.unisantos.br\/anecbaixadasantista\/wp-content\/uploads\/sites\/13\/2019\/04\/CF-17-1024x767.jpeg 1024w\" sizes=\"(max-width: 1280px) 100vw, 1280px\" \/><\/p>\n","protected":false},"excerpt":{"rendered":"<p>Um grupo formado por 30 educadores (dire\u00e7\u00e3o, coordena\u00e7\u00e3o e professores) representou o Liceu Santista no Encontro de Forma\u00e7\u00e3o da Campanha [&hellip;]<\/p>\n","protected":false},"author":1,"featured_media":0,"parent":66,"menu_order":0,"comment_status":"closed","ping_status":"closed","template":"","meta":{"footnotes":""},"_links":{"self":[{"href":"https:\/\/www.unisantos.br\/anecbaixadasantista\/wp-json\/wp\/v2\/pages\/1833"}],"collection":[{"href":"https:\/\/www.unisantos.br\/anecbaixadasantista\/wp-json\/wp\/v2\/pages"}],"about":[{"href":"https:\/\/www.unisantos.br\/anecbaixadasantista\/wp-json\/wp\/v2\/types\/page"}],"author":[{"embeddable":true,"href":"https:\/\/www.unisantos.br\/anecbaixadasantista\/wp-json\/wp\/v2\/users\/1"}],"replies":[{"embeddable":true,"href":"https:\/\/www.unisantos.br\/anecbaixadasantista\/wp-json\/wp\/v2\/comments?post=1833"}],"version-history":[{"count":3,"href":"https:\/\/www.unisantos.br\/anecbaixadasantista\/wp-json\/wp\/v2\/pages\/1833\/revisions"}],"predecessor-version":[{"id":1837,"href":"https:\/\/www.unisantos.br\/anecbaixadasantista\/wp-json\/wp\/v2\/pages\/1833\/revisions\/1837"}],"up":[{"embeddable":true,"href":"https:\/\/www.unisantos.br\/anecbaixadasantista\/wp-json\/wp\/v2\/pages\/66"}],"wp:attachment":[{"href":"https:\/\/www.unisantos.br\/anecbaixadasantista\/wp-json\/wp\/v2\/media?parent=1833"}],"curies":[{"name":"wp","href":"https:\/\/api.w.org\/{rel}","templated":true}]}}