{"id":1471,"date":"2019-04-08T08:33:16","date_gmt":"2019-04-08T11:33:16","guid":{"rendered":"https:\/\/www.unisantos.br\/anecbaixadasantista\/?page_id=1471"},"modified":"2019-04-08T08:39:15","modified_gmt":"2019-04-08T11:39:15","slug":"encontro-de-formacao-cf-2018","status":"publish","type":"page","link":"https:\/\/www.unisantos.br\/anecbaixadasantista\/encontro-de-formacao-cf-2018\/","title":{"rendered":"Encontro de Forma\u00e7\u00e3o CF 2018"},"content":{"rendered":"<h2>Baixe o conte\u00fado<\/h2>\n<p>&nbsp;<\/p>\n<h3>Ref\u00fagio e tr\u00e1fico de pessoas<\/h3>\n<p><a class=\"link\" href=\"https:\/\/www.unisantos.br\/anecbaixadasantista\/wp-content\/uploads\/sites\/13\/2019\/04\/refugio_fund.II_LiceuSantista_AnaMargareth.pdf\" target=\"_blank\" rel=\"noopener\">Proposta 1<\/a><br \/>\n<a class=\"link\" href=\"https:\/\/www.unisantos.br\/anecbaixadasantista\/wp-content\/uploads\/sites\/13\/2019\/04\/refugio_fund.II_santaMaria.pdf\" target=\"_blank\" rel=\"noopener\">Proposta 2<\/a><br \/>\n<a class=\"link\" href=\"https:\/\/www.unisantos.br\/anecbaixadasantista\/wp-content\/uploads\/sites\/13\/2019\/04\/refugio_fund.II_saoGabriel_Fernanda.pdf\" target=\"_blank\" rel=\"noopener\">Proposta 3<\/a><br \/>\n<a class=\"link\" href=\"https:\/\/www.unisantos.br\/anecbaixadasantista\/wp-content\/uploads\/sites\/13\/2019\/04\/refugio_fund.II_stelaMaris.pdf\" target=\"_blank\" rel=\"noopener\">Proposta 4<\/a><br \/>\n<a class=\"link\" href=\"https:\/\/www.unisantos.br\/anecbaixadasantista\/wp-content\/uploads\/sites\/13\/2019\/04\/refugio_fund.II_stelaMaris_Beatriz.pdf\" target=\"_blank\" rel=\"noopener\">Proposta 5<\/a><\/p>\n<h3>Viol\u00eancia dom\u00e9stica<\/h3>\n<p><a class=\"link\" href=\"https:\/\/www.unisantos.br\/anecbaixadasantista\/wp-content\/uploads\/sites\/13\/2019\/04\/violencia_fund.I_LiceuSantista_Carla.pdf\" target=\"_blank\" rel=\"noopener\">Proposta 1<\/a><br \/>\n<a class=\"link\" href=\"https:\/\/www.unisantos.br\/anecbaixadasantista\/wp-content\/uploads\/sites\/13\/2019\/04\/violencia_fund.I_santamaria_Carolina.pdf\" target=\"_blank\" rel=\"noopener\">Proposta 2<\/a><br \/>\n<a class=\"link\" href=\"https:\/\/www.unisantos.br\/anecbaixadasantista\/wp-content\/uploads\/sites\/13\/2019\/04\/violencia_fund.I_santamaria_Juliana.pdf\" target=\"_blank\" rel=\"noopener\">Proposta 3<\/a><br \/>\n<a class=\"link\" href=\"https:\/\/www.unisantos.br\/anecbaixadasantista\/wp-content\/uploads\/sites\/13\/2019\/04\/violencia_fund.I_santamaria_MariaSocorro.pdf\" target=\"_blank\" rel=\"noopener\">Proposta 4<\/a><br \/>\n<a class=\"link\" href=\"https:\/\/www.unisantos.br\/anecbaixadasantista\/wp-content\/uploads\/sites\/13\/2019\/04\/violencia_fund.I_santamaria_Marislaine.pdf\" target=\"_blank\" rel=\"noopener\">Proposta 5<\/a><br \/>\n<a class=\"link\" href=\"https:\/\/www.unisantos.br\/anecbaixadasantista\/wp-content\/uploads\/sites\/13\/2019\/04\/violencia_fund.I_saogabriel_Erica.pdf\" target=\"_blank\" rel=\"noopener\">Proposta 6<\/a><br \/>\n<a class=\"link\" href=\"https:\/\/www.unisantos.br\/anecbaixadasantista\/wp-content\/uploads\/sites\/13\/2019\/04\/violencia_fund.I_saogabriel_Eunica.pdf\" target=\"_blank\" rel=\"noopener\">Proposta 7<\/a><br \/>\n<a class=\"link\" href=\"https:\/\/www.unisantos.br\/anecbaixadasantista\/wp-content\/uploads\/sites\/13\/2019\/04\/violencia_fund.I_SaoJose_Veronica.pdf\" target=\"_blank\" rel=\"noopener\">Proposta 8<\/a><br \/>\n<a class=\"link\" href=\"\/https:\/\/www.unisantos.br\/anecbaixadasantista\/wp-content\/uploads\/2019\/04violencia_fund.I_stelamaris_Carolina.pdf\" target=\"_blank\" rel=\"noopener\">Proposta 9<\/a><br \/>\n<a class=\"link\" href=\"https:\/\/www.unisantos.br\/anecbaixadasantista\/wp-content\/uploads\/sites\/13\/2019\/04\/violencia_fund.I_stelamaris_cassia.pdf\" target=\"_blank\" rel=\"noopener\">Proposta 10<\/a><br \/>\n<a class=\"link\" href=\"https:\/\/www.unisantos.br\/anecbaixadasantista\/wp-content\/uploads\/sites\/13\/2019\/04\/violencia_fund.I_stelamaris_Ines.pdf\" target=\"_blank\" rel=\"noopener\">Proposta 11<\/a><br \/>\n<a class=\"link\" href=\"https:\/\/www.unisantos.br\/anecbaixadasantista\/wp-content\/uploads\/sites\/13\/2019\/04\/violencia_fund.I_stelamaris_joseTadeu.pdf\" target=\"_blank\" rel=\"noopener\">Proposta 12<\/a><br \/>\n<a class=\"link\" href=\"https:\/\/www.unisantos.br\/anecbaixadasantista\/wp-content\/uploads\/sites\/13\/2019\/04\/violencia_fund.I_stelamaris_Juliana.pdf\" target=\"_blank\" rel=\"noopener\">Proposta 13<\/a><\/p>\n<h3>Preconceito, intoler\u00e2ncia e viol\u00eancia<\/h3>\n<p><a class=\"link\" href=\"https:\/\/www.unisantos.br\/anecbaixadasantista\/wp-content\/uploads\/sites\/13\/2019\/04\/preconceito_superior_Unisantos.pdf\" target=\"_blank\" rel=\"noopener\">Proposta 1<\/a><\/p>\n<h2>Materiais did\u00e1ticos<br \/>\n<strong style=\"font-size: 16px;\"><br \/>\nEduca\u00e7\u00e3o Infantil 1<\/strong><\/h2>\n<p><a class=\"link\" href=\"https:\/\/www.unisantos.br\/anecbaixadasantista\/wp-content\/uploads\/sites\/13\/2019\/04\/infantil1-material1.pptx\" target=\"_blank\" rel=\"noopener\">Material 1<\/a><br \/>\n<a class=\"link\" href=\"https:\/\/www.unisantos.br\/anecbaixadasantista\/wp-content\/uploads\/sites\/13\/2019\/04\/infantil1-material2.pptx\" target=\"_blank\" rel=\"noopener\">Material 2<\/a><br \/>\n<a class=\"link\" href=\"https:\/\/www.unisantos.br\/anecbaixadasantista\/wp-content\/uploads\/sites\/13\/2019\/04\/infantil1-material3.pptx\" target=\"_blank\" rel=\"noopener\">Material 3<\/a><br \/>\n<a class=\"link\" href=\"https:\/\/www.unisantos.br\/anecbaixadasantista\/wp-content\/uploads\/sites\/13\/2019\/04\/infantil1-material4.docx\" target=\"_blank\" rel=\"noopener\">Material 4<\/a><\/p>\n<p><strong>Educa\u00e7\u00e3o Fundamental 1<\/strong><\/p>\n<p><a class=\"link\" href=\"https:\/\/www.unisantos.br\/anecbaixadasantista\/wp-content\/uploads\/sites\/13\/2019\/04\/fund1-material1.pdf\" target=\"_blank\" rel=\"noopener\">Material 1<\/a><br \/>\n<a class=\"link\" href=\"https:\/\/www.unisantos.br\/anecbaixadasantista\/wp-content\/uploads\/sites\/13\/2019\/04\/fund2-material2.pdf\" target=\"_blank\" rel=\"noopener\">Material 2<\/a><\/p>\n<p><strong>Educa\u00e7\u00e3o Fundamental 2<\/strong><\/p>\n<p><a class=\"link\" href=\"https:\/\/www.unisantos.br\/anecbaixadasantista\/wp-content\/uploads\/sites\/13\/2019\/04\/fund2-material1.pdf\" target=\"_blank\" rel=\"noopener\">Material 1<\/a><\/p>\n<p><strong>Ensino M\u00e9dio<\/strong><\/p>\n<p><a class=\"link\" href=\"https:\/\/www.unisantos.br\/anecbaixadasantista\/wp-content\/uploads\/sites\/13\/2019\/04\/medio-material1.docx\" target=\"_blank\" rel=\"noopener\">Material 1<\/a><\/p>\n","protected":false},"excerpt":{"rendered":"<p>Baixe o conte\u00fado &nbsp; Ref\u00fagio e tr\u00e1fico de pessoas Proposta 1 Proposta 2 Proposta 3 Proposta 4 Proposta 5 Viol\u00eancia [&hellip;]<\/p>\n","protected":false},"author":1,"featured_media":0,"parent":0,"menu_order":0,"comment_status":"closed","ping_status":"closed","template":"","meta":{"footnotes":""},"_links":{"self":[{"href":"https:\/\/www.unisantos.br\/anecbaixadasantista\/wp-json\/wp\/v2\/pages\/1471"}],"collection":[{"href":"https:\/\/www.unisantos.br\/anecbaixadasantista\/wp-json\/wp\/v2\/pages"}],"about":[{"href":"https:\/\/www.unisantos.br\/anecbaixadasantista\/wp-json\/wp\/v2\/types\/page"}],"author":[{"embeddable":true,"href":"https:\/\/www.unisantos.br\/anecbaixadasantista\/wp-json\/wp\/v2\/users\/1"}],"replies":[{"embeddable":true,"href":"https:\/\/www.unisantos.br\/anecbaixadasantista\/wp-json\/wp\/v2\/comments?post=1471"}],"version-history":[{"count":6,"href":"https:\/\/www.unisantos.br\/anecbaixadasantista\/wp-json\/wp\/v2\/pages\/1471\/revisions"}],"predecessor-version":[{"id":1656,"href":"https:\/\/www.unisantos.br\/anecbaixadasantista\/wp-json\/wp\/v2\/pages\/1471\/revisions\/1656"}],"wp:attachment":[{"href":"https:\/\/www.unisantos.br\/anecbaixadasantista\/wp-json\/wp\/v2\/media?parent=1471"}],"curies":[{"name":"wp","href":"https:\/\/api.w.org\/{rel}","templated":true}]}}