{"id":143,"date":"2019-04-04T11:50:39","date_gmt":"2019-04-04T14:50:39","guid":{"rendered":"https:\/\/www.unisantos.br\/anecbaixadasantista\/?page_id=143"},"modified":"2026-02-11T14:40:05","modified_gmt":"2026-02-11T17:40:05","slug":"secretaria-executiva","status":"publish","type":"page","link":"https:\/\/www.unisantos.br\/anecbaixadasantista\/secretaria-executiva\/","title":{"rendered":"Secretaria Executiva"},"content":{"rendered":"<p><strong>COORDENA\u00c7\u00c3O<\/strong><\/p>\n<p>Prof. Jos\u00e9 Paulo dos Santos<br \/>\nE-mail: sociologiasantos@hotmail.com<\/p>\n<p><strong>COMPOSI\u00c7\u00c3O<\/strong><\/p>\n<p><strong><a href=\"https:\/\/www.liceusantista.com.br\/\" target=\"_blank\" rel=\"noopener\">Liceu Santista<\/a><\/strong> (Santos)<br \/>\nProf\u00aa. Me. Cl\u00e1udia Cristina Taboada Mathias Santiago (Diretora)<br \/>\nE-mail: diretoria@liceusantista.com.br<br \/>\nProf. Dr. S\u00e9rgio Pereira Nogueira J\u00fanior<br \/>\nE-mail: sergionogueira@liceusantista.com.br<\/p>\n<p><a href=\"http:\/\/nsdp.com.br\/\" target=\"_blank\" rel=\"noopener\"><strong>Col\u00e9gio Nossa Senhora da Divina Provid\u00eancia<\/strong><\/a> (Peru\u00edbe)<br \/>\nProf\u00aa. Irm\u00e3 Ana Maria Guizon (Diretora)<br \/>\nProf\u00aa. Simone Renosto (Vice-Diretora)<br \/>\nE-mail: secretaria@nsdp.com.br<\/p>\n<p><a href=\"https:\/\/santamaria.passionista.com.br\/\" target=\"_blank\" rel=\"noopener\"><strong>Col\u00e9gio Passionista Santa Maria<\/strong><\/a> (Praia Grande)<br \/>\nProf\u00aa. Marta Cec\u00edlia Carreiro Stefani Ruggerini (Diretora)<br \/>\nIrm\u00e3 Izabel Cristina da Silva (Vice-Diretora)<br \/>\nE-mail: diretoria.santamaria@passionista.com.br<\/p>\n<p><a href=\"https:\/\/www.saojosecolegio.com.br\/\" target=\"_blank\" rel=\"noopener\"><strong>Col\u00e9gio S\u00e3o Jos\u00e9<\/strong><\/a> (Santos)<br \/>\nProf\u00aa. Maria Cleonice Cefaly Machado (Diretora)<br \/>\nE-mail: cleonice@saojosecolegio.com.br<\/p>\n<p><strong><a href=\"http:\/\/www.redealix.org.br\/stellamaris\/\" target=\"_blank\" rel=\"noopener\">Col\u00e9gio Stella Maris<\/a><\/strong> (Santos)<br \/>\nProf\u00aa. Irm\u00e3 Lindaci Torres dos Santos (Diretora)<br \/>\nE-mail: lindaci.torres@redealix.org.br<br \/>\nProf\u00aa. Ana Maria Gon\u00e7alves<br \/>\nE-mail: anamariagoncalvesbr@yahoo.com.br<\/p>\n<p><strong><a href=\"https:\/\/maristaescolassociais.org.br\/escola\/marista-escola-social-lar-feliz\/\" target=\"_blank\" rel=\"noopener\">Marista Escola Social Lar Feliz<\/a> <\/strong>(Santos)<br \/>\nProf\u00aa. Edilene Ribeiro (Diretora)<br \/>\nAndressa Ven\u00e2ncio (Pastoralista)<br \/>\nesribeiro@grupomarista.org.br<\/p>\n<p><strong><a href=\"https:\/\/www.diocesedesantos.com.br\/\" target=\"_blank\" rel=\"noopener\">Pastoral da Educa\u00e7\u00e3o da Diocese de Santos<\/a><\/strong><br \/>\nProf\u00aa. Selma Aparecida Andrade<br \/>\nE-mail: pastoraleducacaocubatao@gmail.com<\/p>\n<p><strong>Assessor da ANEC Baixada Santista<\/strong><br \/>\nProf. Me. Pe. Cl\u00e1udio Scherer da Silva, CMF<br \/>\nE-mail: pastoral@unisantos.br<\/p>\n<p><a href=\"https:\/\/www.unisantos.br\/\" target=\"_blank\" rel=\"noopener\"><strong>Universidade Cat\u00f3lica de Santos<\/strong><\/a><br \/>\nProf\u00aa. Me. Fl\u00e1via Henriques<br \/>\nE-mail: dir.csas@unisantos.br<br \/>\nProf\u00aa. Dr\u00aa. Lilian Matheus Marques<br \/>\nE-mail: rp@unisantos.br<br \/>\nProf. Me. Paulo Roberto B\u00f6rnsen Vibiam<br \/>\nE-mail: dir.ccedc@unisantos.br<br \/>\nProf\u00aa. Dr\u00aa. Ros\u00e2ngela Ballego Campanh\u00e3<br \/>\nE-mail: rosangelabcampanha@unisantos.br<br \/>\nProf. Me. Prof. Me. Francisco Em\u00edlio Surian<br \/>\nE-mail: surian@unisantos.br<br \/>\nProf\u00aa. Dr\u00aa. Guadalupe Corr\u00eaa Mota<br \/>\nE-mail:\u00a0guadalupemota@unisantos.br<\/p>\n","protected":false},"excerpt":{"rendered":"<p>COORDENA\u00c7\u00c3O Prof. Jos\u00e9 Paulo dos Santos E-mail: sociologiasantos@hotmail.com COMPOSI\u00c7\u00c3O Liceu Santista (Santos) Prof\u00aa. Me. Cl\u00e1udia Cristina Taboada Mathias Santiago (Diretora) [&hellip;]<\/p>\n","protected":false},"author":1,"featured_media":0,"parent":0,"menu_order":0,"comment_status":"closed","ping_status":"closed","template":"","meta":{"footnotes":""},"_links":{"self":[{"href":"https:\/\/www.unisantos.br\/anecbaixadasantista\/wp-json\/wp\/v2\/pages\/143"}],"collection":[{"href":"https:\/\/www.unisantos.br\/anecbaixadasantista\/wp-json\/wp\/v2\/pages"}],"about":[{"href":"https:\/\/www.unisantos.br\/anecbaixadasantista\/wp-json\/wp\/v2\/types\/page"}],"author":[{"embeddable":true,"href":"https:\/\/www.unisantos.br\/anecbaixadasantista\/wp-json\/wp\/v2\/users\/1"}],"replies":[{"embeddable":true,"href":"https:\/\/www.unisantos.br\/anecbaixadasantista\/wp-json\/wp\/v2\/comments?post=143"}],"version-history":[{"count":63,"href":"https:\/\/www.unisantos.br\/anecbaixadasantista\/wp-json\/wp\/v2\/pages\/143\/revisions"}],"predecessor-version":[{"id":4111,"href":"https:\/\/www.unisantos.br\/anecbaixadasantista\/wp-json\/wp\/v2\/pages\/143\/revisions\/4111"}],"wp:attachment":[{"href":"https:\/\/www.unisantos.br\/anecbaixadasantista\/wp-json\/wp\/v2\/media?parent=143"}],"curies":[{"name":"wp","href":"https:\/\/api.w.org\/{rel}","templated":true}]}}