{"id":1068,"date":"2019-04-05T14:31:33","date_gmt":"2019-04-05T17:31:33","guid":{"rendered":"https:\/\/www.unisantos.br\/anecbaixadasantista\/?page_id=1068"},"modified":"2019-04-05T14:32:35","modified_gmt":"2019-04-05T17:32:35","slug":"encontro-de-formacao-cf-2019-conteudo","status":"publish","type":"page","link":"https:\/\/www.unisantos.br\/anecbaixadasantista\/encontro-de-formacao-cf-2019-conteudo\/","title":{"rendered":"Encontro de Forma\u00e7\u00e3o CF 2019"},"content":{"rendered":"<p><strong>Educa\u00e7\u00e3o Infantil<\/strong><br \/>\n<a class=\"link\" href=\"https:\/\/www.unisantos.br\/anecbaixadasantista\/wp-content\/uploads\/sites\/13\/2019\/04\/infantil.pdf\" target=\"_blank\" rel=\"noopener\">Material<\/a><\/p>\n<p><strong>Educa\u00e7\u00e3o Fundamental 1<\/strong><br \/>\n<a class=\"link\" href=\"https:\/\/www.unisantos.br\/anecbaixadasantista\/wp-content\/uploads\/sites\/13\/2019\/04\/fundamental-1.pdf\" target=\"_blank\" rel=\"noopener\">Material<\/a><\/p>\n<p><strong>Educa\u00e7\u00e3o Fundamental 2<\/strong><br \/>\n<a class=\"link\" href=\"https:\/\/www.unisantos.br\/anecbaixadasantista\/wp-content\/uploads\/sites\/13\/2019\/04\/fundamental-2.pdf\" target=\"_blank\" rel=\"noopener\">Material<\/a><\/p>\n<p><strong>Ensino M\u00e9dio<\/strong><br \/>\n<a class=\"link\" href=\"https:\/\/www.unisantos.br\/anecbaixadasantista\/wp-content\/uploads\/sites\/13\/2019\/04\/medio.pdf\" target=\"_blank\" rel=\"noopener\">Material<\/a><\/p>\n<p><strong>Ensino Superior<\/strong><br \/>\n<a class=\"link\" href=\"https:\/\/www.unisantos.br\/anecbaixadasantista\/wp-content\/uploads\/sites\/13\/2019\/04\/superior.pdf\" target=\"_blank\" rel=\"noopener\">Material<\/a><\/p>\n<p><strong>Material de apoio<\/strong><br \/>\n<a class=\"link\" href=\"https:\/\/www.unisantos.br\/anecbaixadasantista\/wp-content\/uploads\/sites\/13\/2019\/04\/material-apoio.pdf\" target=\"_blank\" rel=\"noopener\">Material<\/a><\/p>\n","protected":false},"excerpt":{"rendered":"<p>Educa\u00e7\u00e3o Infantil Material Educa\u00e7\u00e3o Fundamental 1 Material Educa\u00e7\u00e3o Fundamental 2 Material Ensino M\u00e9dio Material Ensino Superior Material Material de apoio [&hellip;]<\/p>\n","protected":false},"author":1,"featured_media":0,"parent":0,"menu_order":0,"comment_status":"closed","ping_status":"closed","template":"","meta":{"footnotes":""},"_links":{"self":[{"href":"https:\/\/www.unisantos.br\/anecbaixadasantista\/wp-json\/wp\/v2\/pages\/1068"}],"collection":[{"href":"https:\/\/www.unisantos.br\/anecbaixadasantista\/wp-json\/wp\/v2\/pages"}],"about":[{"href":"https:\/\/www.unisantos.br\/anecbaixadasantista\/wp-json\/wp\/v2\/types\/page"}],"author":[{"embeddable":true,"href":"https:\/\/www.unisantos.br\/anecbaixadasantista\/wp-json\/wp\/v2\/users\/1"}],"replies":[{"embeddable":true,"href":"https:\/\/www.unisantos.br\/anecbaixadasantista\/wp-json\/wp\/v2\/comments?post=1068"}],"version-history":[{"count":2,"href":"https:\/\/www.unisantos.br\/anecbaixadasantista\/wp-json\/wp\/v2\/pages\/1068\/revisions"}],"predecessor-version":[{"id":1176,"href":"https:\/\/www.unisantos.br\/anecbaixadasantista\/wp-json\/wp\/v2\/pages\/1068\/revisions\/1176"}],"wp:attachment":[{"href":"https:\/\/www.unisantos.br\/anecbaixadasantista\/wp-json\/wp\/v2\/media?parent=1068"}],"curies":[{"name":"wp","href":"https:\/\/api.w.org\/{rel}","templated":true}]}}