{"id":32,"date":"2021-09-20T23:53:53","date_gmt":"2021-09-21T02:53:53","guid":{"rendered":"https:\/\/www.unisantos.br\/200anos\/?page_id=32"},"modified":"2022-09-12T11:20:55","modified_gmt":"2022-09-12T14:20:55","slug":"programacao","status":"publish","type":"page","link":"https:\/\/www.unisantos.br\/200anos\/programacao\/","title":{"rendered":"Programa\u00e7\u00e3o"},"content":{"rendered":"<p><strong>PALESTRAS REALIZADAS<\/strong><\/p>\n<p><strong>2022<\/strong><\/p>\n<p><strong>6\/09<\/strong><br \/>\n<strong>Independ\u00eancia do Brasil: Uma vis\u00e3o do outro lado do oceano<\/strong><br \/>\n<em>Palestrante<\/em>: Pesquisador Rui Moura<\/p>\n<p><strong>19\/04<\/strong><br \/>\n19h30<br \/>\n<strong>Meio Ambiente e Educa\u00e7\u00e3o Ambiental no Brasil: Breve hist\u00f3rico, avan\u00e7os e perspectivas<\/strong><br \/>\n<em>Palestrante:<\/em>\u00a0Prof. Me. Anderson Fernando Brunholi<\/p>\n<p><strong>2021<\/strong><\/p>\n<p><strong>10\/11<br \/>\n<\/strong><strong>Ciclo de palestras Bicenten\u00e1rio da Independ\u00eancia: Reflex\u00f5es sobre a hist\u00f3ria e perspectivas para o futuro<\/strong><br \/>\n<em>Tema<\/em>: Direitos Humanos, Viol\u00eancia e o Papel das Pol\u00edcias no Brasil Contempor\u00e2neo<br \/>\n<em>Palestrante<\/em>:\u00a0Prof. Dr. Andr\u00e9 Luiz Rodrigues Carreira<\/p>\n<p><strong>19\/10<br \/>\n<\/strong><strong>Ciclo de palestras Bicenten\u00e1rio da Independ\u00eancia: Reflex\u00f5es sobre a hist\u00f3ria e perspectivas para o futuro<\/strong><br \/>\n<em>Tema<\/em>: Cem Anos de Paulo Freire: Por um Estado Independente e radicalmente democr\u00e1tico<br \/>\n<em>Palestrantes<\/em>:\u00a0Prof. Dr. Alexandre Saul Pinto (UNISANTOS) e\u00a0Prof. Dr. Teodoro Zanardi (PUC-Minas)<\/p>\n<p><strong>21\/09<br \/>\n<\/strong><strong>Ciclo de palestras Bicenten\u00e1rio da Independ\u00eancia: Reflex\u00f5es sobre a hist\u00f3ria e perspectivas para o futuro<\/strong><br \/>\n<em>Tema<\/em>:\u00a0Ci\u00eancia, Imprensa e Pol\u00edtica na Independ\u00eancia do Brasil<br \/>\n<em>Palestrante<\/em>:\u00a0Prof. Dr. C\u00e9sar Agenor<\/p>\n","protected":false},"excerpt":{"rendered":"<p>PALESTRAS REALIZADAS 2022 6\/09 Independ\u00eancia do Brasil: Uma vis\u00e3o do outro lado do oceano Palestrante: Pesquisador Rui Moura 19\/04 19h30 [&hellip;]<\/p>\n","protected":false},"author":1,"featured_media":0,"parent":0,"menu_order":0,"comment_status":"closed","ping_status":"closed","template":"","meta":{"_acf_changed":false,"footnotes":""},"acf":[],"_links":{"self":[{"href":"https:\/\/www.unisantos.br\/200anos\/wp-json\/wp\/v2\/pages\/32"}],"collection":[{"href":"https:\/\/www.unisantos.br\/200anos\/wp-json\/wp\/v2\/pages"}],"about":[{"href":"https:\/\/www.unisantos.br\/200anos\/wp-json\/wp\/v2\/types\/page"}],"author":[{"embeddable":true,"href":"https:\/\/www.unisantos.br\/200anos\/wp-json\/wp\/v2\/users\/1"}],"replies":[{"embeddable":true,"href":"https:\/\/www.unisantos.br\/200anos\/wp-json\/wp\/v2\/comments?post=32"}],"version-history":[{"count":15,"href":"https:\/\/www.unisantos.br\/200anos\/wp-json\/wp\/v2\/pages\/32\/revisions"}],"predecessor-version":[{"id":61,"href":"https:\/\/www.unisantos.br\/200anos\/wp-json\/wp\/v2\/pages\/32\/revisions\/61"}],"wp:attachment":[{"href":"https:\/\/www.unisantos.br\/200anos\/wp-json\/wp\/v2\/media?parent=32"}],"curies":[{"name":"wp","href":"https:\/\/api.w.org\/{rel}","templated":true}]}}